{"id":10165,"date":"2019-05-03T12:37:23","date_gmt":"2019-05-03T12:37:23","guid":{"rendered":"http:\/\/www.goierrieskola.eus\/?page_id=10165"},"modified":"2024-09-27T06:24:44","modified_gmt":"2024-09-27T06:24:44","slug":"practicas-profesionales-en-ikaslan-fundazioa","status":"publish","type":"page","link":"https:\/\/www.goierrieskola.eus\/es\/practicas-profesionales-en-ikaslan-fundazioa\/","title":{"rendered":"Practicas FCT en Ikaslan Fundazioa"},"content":{"rendered":"<p>[vc_row inner_container=\u00bbno\u00bb section_type=\u00bbalternate\u00bb padding_top=\u00bb20&#8243; padding_bottom=\u00bb20&#8243;][vc_column][vc_custom_heading text=\u00bbIKASLAN FUNDAZIOA: LA EMPRESA QUE FORMA PROFESIONALES\u00bb font_container=\u00bbtag:h2|font_size:36px|text_align:center|line_height:42px\u00bb google_fonts=\u00bbfont_family:Raleway%3A100%2C200%2C300%2Cregular%2C500%2C600%2C700%2C800%2C900|font_style:400%20regular%3A400%3Anormal\u00bb][vc_single_image image=\u00bb10615&#8243; img_size=\u00bbfull\u00bb full_width=\u00bbyes\u00bb][vc_custom_heading text=\u00bbGoierri Eskola + Ikaslan Fundazioa = Binomio Perfecto\u00bb font_container=\u00bbtag:h1|font_size:36px|text_align:center|line_height:42px\u00bb google_fonts=\u00bbfont_family:Raleway%3A100%2C200%2C300%2Cregular%2C500%2C600%2C700%2C800%2C900|font_style:400%20regular%3A400%3Anormal\u00bb][\/vc_column][\/vc_row][vc_row el_id=\u00bbAlquiler-de-espacios-para-empresas\u00bb text_align=\u00bbcenter\u00bb section_type=\u00bbalternate\u00bb][vc_column width=\u00bb1\/2&#8243;][vc_column_text el_class=\u00bbofertaEducativa\u00bb]<strong>QU\u00c9 ES IKASLAN FUNDAZIOA:<\/strong><\/p>\n<p style=\"text-align: left;\">Ikaslan Fundazioa es una escuela-empresa que ofrece un servicio de producci\u00f3n a las empresas, utilizando dichos trabajos para formar al alumnado de segundos cursos de formaci\u00f3n profesional de Goierri Eskola<\/p>\n<p><strong>SI TE DECIDES POR NOSOTROS:<\/strong><\/p>\n<ul>\n<li style=\"text-align: left;\">Adquirir\u00e1s experiencia laboral mientras estudias<\/li>\n<li style=\"text-align: left;\">Sumar\u00e1s 800-1000 horas a TU CURR\u00cdCULUM para cuando obtengas la titulaci\u00f3n<\/li>\n<li style=\"text-align: left;\">Te adaptar\u00e1s m\u00e1s f\u00e1cilmente al mundo profesional<\/li>\n<li style=\"text-align: left;\">150 alumnos\/as y 40 trabajadores\/as juntos para complementar tu formaci\u00f3n<\/li>\n<li style=\"text-align: left;\">Te ofrecemos un plan formativo personalizado y acorde al nivel de tu titulaci\u00f3n<\/li>\n<\/ul>\n<p>[\/vc_column_text][vc_cta h2=\u00bb\u00a1No dudes, invierte en tu formaci\u00f3n!\u00bb][\/vc_cta][vc_column_text el_class=\u00bbofertaEducativa\u00bb]<\/p>\n<h5><strong>Te ofrecemos unas pr\u00e1cticas adaptadas a los estudios que realizas. Conoce nuestros programas:<\/strong><\/h5>\n<p>[\/vc_column_text][vc_row_inner][vc_column_inner width=\u00bb1\/2&#8243;][vc_custom_heading text=\u00bbSi est\u00e1s estudiando un Grado Medio:\u00bb font_container=\u00bbtag:h3|text_align:center\u00bb google_fonts=\u00bbfont_family:Raleway%3A100%2C200%2C300%2Cregular%2C500%2C600%2C700%2C800%2C900|font_style:200%20light%20regular%3A200%3Anormal\u00bb][\/vc_column_inner][vc_column_inner width=\u00bb1\/2&#8243;][vc_btn title=\u00bbPROGRAMA T\u00c9CNICO\/A\u00bb style=\u00bbclassic\u00bb color=\u00bbprimary\u00bb align=\u00bbleft\u00bb i_icon_fontawesome=\u00bbfa fa-info-circle\u00bb add_icon=\u00bbtrue\u00bb link=\u00bburl:https%3A%2F%2Fdrive.google.com%2Fopen%3Fid%3D1mdV5E82FlC-zTq-LU0Qsu7knNWH2pkuW||target:%20_blank|\u00bb][\/vc_column_inner][\/vc_row_inner]<div  class=\"kleo-gap\" style=\"height:10px;line-height:10px;\"><\/div><div  class=\"kleo-gap\" style=\"height:20px;line-height:20px;\"><\/div>[vc_row_inner][vc_column_inner width=\u00bb1\/2&#8243;][vc_custom_heading text=\u00bbSi est\u00e1s estudiando un Grado Superior:\u00bb font_container=\u00bbtag:h3|text_align:center|color:%23000000&#8243; google_fonts=\u00bbfont_family:Raleway%3A100%2C200%2C300%2Cregular%2C500%2C600%2C700%2C800%2C900|font_style:200%20light%20regular%3A200%3Anormal\u00bb][\/vc_column_inner][vc_column_inner width=\u00bb1\/2&#8243;][vc_btn title=\u00bbPROGRAMA COORDINADOR\/A\u00bb style=\u00bbclassic\u00bb color=\u00bbprimary\u00bb align=\u00bbleft\u00bb i_icon_fontawesome=\u00bbfa fa-info-circle\u00bb add_icon=\u00bbtrue\u00bb link=\u00bburl:https%3A%2F%2Fdrive.google.com%2Fopen%3Fid%3D1Vq-31wROqpCivvu44Mdimp3L9ZaZHSLO||target:%20_blank|\u00bb][\/vc_column_inner][\/vc_row_inner]<div  class=\"kleo-gap\" style=\"height:10px;line-height:10px;\"><\/div><div  class=\"kleo-gap\" style=\"height:20px;line-height:20px;\"><\/div>[vc_row_inner][vc_column_inner width=\u00bb1\/2&#8243;][vc_custom_heading text=\u00bbSi quieres estudiar en formato DUAL:\u00bb font_container=\u00bbtag:h3|text_align:center\u00bb google_fonts=\u00bbfont_family:Raleway%3A100%2C200%2C300%2Cregular%2C500%2C600%2C700%2C800%2C900|font_style:200%20light%20regular%3A200%3Anormal\u00bb][\/vc_column_inner][vc_column_inner width=\u00bb1\/2&#8243;][vc_btn title=\u00bbPROGRAMA GESTOR\/A DE UNIDAD\u00bb style=\u00bbclassic\u00bb color=\u00bbprimary\u00bb align=\u00bbleft\u00bb i_icon_fontawesome=\u00bbfa fa-info-circle\u00bb add_icon=\u00bbtrue\u00bb link=\u00bburl:https%3A%2F%2Fdrive.google.com%2Fopen%3Fid%3D1ik7OwXhLg1IRyQmq522-ViAB1hkDhhBp||target:%20_blank|\u00bb][\/vc_column_inner][\/vc_row_inner]<div  class=\"kleo-gap\" style=\"height:20px;line-height:20px;\"><\/div>[vc_single_image image=\u00bb10611&#8243; img_size=\u00bb600&#215;250&#8243; alignment=\u00bbcenter\u00bb style=\u00bbvc_box_rounded\u00bb]<div  class=\"kleo-gap\" style=\"height:10px;line-height:10px;\"><\/div>[vc_single_image image=\u00bb10142&#8243; img_size=\u00bbfull\u00bb alignment=\u00bbcenter\u00bb style=\u00bbvc_box_rounded\u00bb][vc_single_image image=\u00bb10614&#8243; img_size=\u00bb600&#215;250&#8243; alignment=\u00bbcenter\u00bb style=\u00bbvc_box_rounded\u00bb][vc_custom_heading text=\u00bbD\u00d3NDE NOS ENCONTRAR\u00c1S:\u00bb font_container=\u00bbtag:h1|font_size:20px|text_align:center|line_height:28px\u00bb google_fonts=\u00bbfont_family:Raleway%3A100%2C200%2C300%2Cregular%2C500%2C600%2C700%2C800%2C900|font_style:400%20regular%3A400%3Anormal\u00bb][vc_gmaps link=\u00bb#E-8_JTNDaWZyYW1lJTIwc3JjJTNEJTIyaHR0cHMlM0ElMkYlMkZ3d3cuZ29vZ2xlLmNvbSUyRm1hcHMlMkZlbWJlZCUzRnBiJTNEJTIxMW0xNCUyMTFtOCUyMTFtMyUyMTFkMTE2NjIuMjkyODk0NzM5NTIlMjEyZC0yLjE4MDE4NTklMjEzZDQzLjA1MDQxMDIlMjEzbTIlMjExaTEwMjQlMjEyaTc2OCUyMTRmMTMuMSUyMTNtMyUyMTFtMiUyMTFzMHgwJTI1M0EweGFmYmY0ZWEwZWU4ZThjN2UlMjEyc0lrYXNsYW4lMkJGdW5kYXppb2ElMjE1ZTAlMjEzbTIlMjExc2VzLTQxOSUyMTJzZXMlMjE0djE1NTY4NzI1MzQ3NDMlMjE1bTIlMjExc2VzLTQxOSUyMTJzZXMlMjIlMjB3aWR0aCUzRCUyMjYwMCUyMiUyMGhlaWdodCUzRCUyMjQ1MCUyMiUyMGZyYW1lYm9yZGVyJTNEJTIyMCUyMiUyMHN0eWxlJTNEJTIyYm9yZGVyJTNBMCUyMiUyMGFsbG93ZnVsbHNjcmVlbiUzRSUzQyUyRmlmcmFtZSUzRQ==\u00bb][vc_raw_html]JTNDaWZyYW1lJTIwd2lkdGglM0QlMjI1NjAlMjIlMjBoZWlnaHQlM0QlMjIzMTUlMjIlMjBzcmMlM0QlMjJodHRwcyUzQSUyRiUyRnd3dy55b3V0dWJlLmNvbSUyRmVtYmVkJTJGWnlyaENJME9nLTglMjIlMjBmcmFtZWJvcmRlciUzRCUyMjAlMjIlMjBhbGxvdyUzRCUyMmFjY2VsZXJvbWV0ZXIlM0IlMjBhdXRvcGxheSUzQiUyMGVuY3J5cHRlZC1tZWRpYSUzQiUyMGd5cm9zY29wZSUzQiUyMHBpY3R1cmUtaW4tcGljdHVyZSUyMiUyMGFsbG93ZnVsbHNjcmVlbiUzRSUzQyUyRmlmcmFtZSUzRQ==[\/vc_raw_html][\/vc_column][vc_column width=\u00bb1\/2&#8243;][vc_single_image image=\u00bb10616&#8243; img_size=\u00bb600&#215;250&#8243; alignment=\u00bbcenter\u00bb style=\u00bbvc_box_rounded\u00bb][vc_cta h2=\u00bbPercibir\u00e1s una BECA mensual\u00bb txt_align=\u00bbcenter\u00bb]<\/p>\n<h4>Te ayudar\u00e1 a gestionar tu econom\u00eda y a trabajar la autonom\u00eda<\/h4>\n<p>[\/vc_cta][vc_single_image image=\u00bb10613&#8243; img_size=\u00bb600&#215;250&#8243; alignment=\u00bbcenter\u00bb style=\u00bbvc_box_rounded\u00bb][vc_custom_heading text=\u00bbIKASLAN FUNDAZIOA EN CIFRAS:\u00bb font_container=\u00bbtag:h1|font_size:20px|text_align:center|line_height:28px\u00bb google_fonts=\u00bbfont_family:Raleway%3A100%2C200%2C300%2Cregular%2C500%2C600%2C700%2C800%2C900|font_style:400%20regular%3A400%3Anormal\u00bb][vc_row_inner][vc_column_inner width=\u00bb1\/2&#8243;][vc_single_image image=\u00bb10132&#8243; img_size=\u00bb250&#215;250&#8243; alignment=\u00bbcenter\u00bb][\/vc_column_inner][vc_column_inner width=\u00bb1\/2&#8243;][vc_column_text]<\/p>\n<h3 style=\"text-align: left;\">La tecnolog\u00eda m\u00e1s avanzada<br \/>\n5.300 m\u00b2<br \/>\n9 pabellones<br \/>\n+2500 productos<br \/>\n150 estudiantes y 40 profesionales colaborando<br \/>\n800-1000 horas\/a\u00f1o por alumno\/a<\/h3>\n<p>[\/vc_column_text][\/vc_column_inner][\/vc_row_inner]<div  class=\"kleo-gap\" style=\"height:20px;line-height:20px;\"><\/div>[vc_single_image image=\u00bb10620&#8243; img_size=\u00bb600&#215;250&#8243; alignment=\u00bbcenter\u00bb style=\u00bbvc_box_rounded\u00bb]<div  class=\"kleo-gap\" style=\"height:20px;line-height:20px;\"><\/div>[vc_column_text]<\/p>\n<h3 style=\"text-align: left;\">Garantizando siempre la calidad de nuestros productos, desarrollamos las siguientes actividades productivas en Ikaslan Fundazioan:<\/h3>\n<ul>\n<li style=\"text-align: left;\">\n<h3>Corte laser<\/h3>\n<\/li>\n<li style=\"text-align: left;\">\n<h3>Calderer\u00eda<\/h3>\n<\/li>\n<li style=\"text-align: left;\">\n<h3>Montaje de estructuras met\u00e1licas<\/h3>\n<\/li>\n<li style=\"text-align: left;\">\n<h3>Cableado y montaje de cuadros el\u00e9ctricos<\/h3>\n<\/li>\n<li>\n<h3 style=\"text-align: left;\">Mecanizado<\/h3>\n<\/li>\n<\/ul>\n<h3 style=\"text-align: left;\">Como otra cualquier empresa tambi\u00e9n llevamos a cabo trabajos de administraci\u00f3n, gesti\u00f3n de recursos, almac\u00e9n y trabajos auxiliares en nuestro d\u00eda a d\u00eda.<\/h3>\n<p>[\/vc_column_text]<div  class=\"kleo-gap\" style=\"height:20px;line-height:20px;\"><\/div>[vc_raw_html]JTNDaWZyYW1lJTIwd2lkdGglM0QlMjI1NjAlMjIlMjBoZWlnaHQlM0QlMjIzMTUlMjIlMjBzcmMlM0QlMjJodHRwcyUzQSUyRiUyRnd3dy55b3V0dWJlLmNvbSUyRmVtYmVkJTJGZVVzMVRuVkk4U2slMjIlMjBmcmFtZWJvcmRlciUzRCUyMjAlMjIlMjBhbGxvdyUzRCUyMmFjY2VsZXJvbWV0ZXIlM0IlMjBhdXRvcGxheSUzQiUyMGVuY3J5cHRlZC1tZWRpYSUzQiUyMGd5cm9zY29wZSUzQiUyMHBpY3R1cmUtaW4tcGljdHVyZSUyMiUyMGFsbG93ZnVsbHNjcmVlbiUzRSUzQyUyRmlmcmFtZSUzRQ==[\/vc_raw_html][vc_single_image image=\u00bb11435&#8243; img_size=\u00bbfull\u00bb alignment=\u00bbcenter\u00bb style=\u00bbvc_box_rounded\u00bb][\/vc_column][\/vc_row][vc_row text_align=\u00bbcenter\u00bb section_type=\u00bbalternate\u00bb][vc_column][\/vc_column][\/vc_row]<\/p>\n","protected":false},"excerpt":{"rendered":"<p>[vc_row inner_container=\u00bbno\u00bb section_type=\u00bbalternate\u00bb padding_top=\u00bb20&#8243; padding_bottom=\u00bb20&#8243;][vc_column][vc_custom_heading text=\u00bbIKASLAN FUNDAZIOA: LA EMPRESA QUE FORMA PROFESIONALES\u00bb font_container=\u00bbtag:h2|font_size:36px|text_align:center|line_height:42px\u00bb google_fonts=\u00bbfont_family:Raleway%3A100%2C200%2C300%2Cregular%2C500%2C600%2C700%2C800%2C900|font_style:400%20regular%3A400%3Anormal\u00bb][vc_single_image image=\u00bb10615&#8243; img_size=\u00bbfull\u00bb full_width=\u00bbyes\u00bb][vc_custom_heading text=\u00bbGoierri Eskola + Ikaslan Fundazioa = Binomio Perfecto\u00bb font_container=\u00bbtag:h1|font_size:36px|text_align:center|line_height:42px\u00bb google_fonts=\u00bbfont_family:Raleway%3A100%2C200%2C300%2Cregular%2C500%2C600%2C700%2C800%2C900|font_style:400%20regular%3A400%3Anormal\u00bb][\/vc_column][\/vc_row][vc_row el_id=\u00bbAlquiler-de-espacios-para-empresas\u00bb text_align=\u00bbcenter\u00bb section_type=\u00bbalternate\u00bb][vc_column width=\u00bb1\/2&#8243;][vc_column_text el_class=\u00bbofertaEducativa\u00bb]QU\u00c9 ES IKASLAN FUNDAZIOA: Ikaslan Fundazioa es una escuela-empresa que ofrece un servicio de producci\u00f3n a las empresas, utilizando dichos trabajos para formar al alumnado de segundos cursos de [&hellip;]<\/p>\n","protected":false},"author":1,"featured_media":0,"parent":0,"menu_order":0,"comment_status":"closed","ping_status":"closed","template":"","meta":{"footnotes":""},"class_list":["post-10165","page","type-page","status-publish","hentry"],"yoast_head":"<!-- This site is optimized with the Yoast SEO plugin v27.3 - https:\/\/yoast.com\/product\/yoast-seo-wordpress\/ -->\n<title>Practicas FCT en Ikaslan Fundazioa - Goierri Eskola<\/title>\n<meta name=\"robots\" content=\"noindex, follow\" \/>\n<meta property=\"og:locale\" content=\"es_ES\" \/>\n<meta property=\"og:type\" content=\"article\" \/>\n<meta property=\"og:title\" content=\"Practicas FCT en Ikaslan Fundazioa - Goierri Eskola\" \/>\n<meta property=\"og:description\" content=\"[vc_row inner_container=\u00bbno\u00bb section_type=\u00bbalternate\u00bb padding_top=\u00bb20&#8243; padding_bottom=\u00bb20&#8243;][vc_column][vc_custom_heading text=\u00bbIKASLAN FUNDAZIOA: LA EMPRESA QUE FORMA PROFESIONALES\u00bb font_container=\u00bbtag:h2|font_size:36px|text_align:center|line_height:42px\u00bb google_fonts=\u00bbfont_family:Raleway%3A100%2C200%2C300%2Cregular%2C500%2C600%2C700%2C800%2C900|font_style:400%20regular%3A400%3Anormal\u00bb][vc_single_image image=\u00bb10615&#8243; img_size=\u00bbfull\u00bb full_width=\u00bbyes\u00bb][vc_custom_heading text=\u00bbGoierri Eskola + Ikaslan Fundazioa = Binomio Perfecto\u00bb font_container=\u00bbtag:h1|font_size:36px|text_align:center|line_height:42px\u00bb google_fonts=\u00bbfont_family:Raleway%3A100%2C200%2C300%2Cregular%2C500%2C600%2C700%2C800%2C900|font_style:400%20regular%3A400%3Anormal\u00bb][\/vc_column][\/vc_row][vc_row el_id=\u00bbAlquiler-de-espacios-para-empresas\u00bb text_align=\u00bbcenter\u00bb section_type=\u00bbalternate\u00bb][vc_column width=\u00bb1\/2&#8243;][vc_column_text el_class=\u00bbofertaEducativa\u00bb]QU\u00c9 ES IKASLAN FUNDAZIOA: Ikaslan Fundazioa es una escuela-empresa que ofrece un servicio de producci\u00f3n a las empresas, utilizando dichos trabajos para formar al alumnado de segundos cursos de [&hellip;]\" \/>\n<meta property=\"og:url\" content=\"https:\/\/www.goierrieskola.eus\/es\/practicas-profesionales-en-ikaslan-fundazioa\/\" \/>\n<meta property=\"og:site_name\" content=\"Goierri Eskola\" \/>\n<meta property=\"article:publisher\" content=\"https:\/\/www.facebook.com\/goierrieskola\" \/>\n<meta property=\"article:modified_time\" content=\"2024-09-27T06:24:44+00:00\" \/>\n<meta name=\"twitter:card\" content=\"summary_large_image\" \/>\n<meta name=\"twitter:site\" content=\"@Goierrieskola1\" \/>\n<meta name=\"twitter:label1\" content=\"Tiempo de lectura\" \/>\n\t<meta name=\"twitter:data1\" content=\"2 minutos\" \/>\n<script type=\"application\/ld+json\" class=\"yoast-schema-graph\">{\"@context\":\"https:\\\/\\\/schema.org\",\"@graph\":[{\"@type\":\"WebPage\",\"@id\":\"https:\\\/\\\/www.goierrieskola.eus\\\/es\\\/practicas-profesionales-en-ikaslan-fundazioa\\\/\",\"url\":\"https:\\\/\\\/www.goierrieskola.eus\\\/es\\\/practicas-profesionales-en-ikaslan-fundazioa\\\/\",\"name\":\"Practicas FCT en Ikaslan Fundazioa - Goierri Eskola\",\"isPartOf\":{\"@id\":\"https:\\\/\\\/www.goierrieskola.eus\\\/#website\"},\"datePublished\":\"2019-05-03T12:37:23+00:00\",\"dateModified\":\"2024-09-27T06:24:44+00:00\",\"breadcrumb\":{\"@id\":\"https:\\\/\\\/www.goierrieskola.eus\\\/es\\\/practicas-profesionales-en-ikaslan-fundazioa\\\/#breadcrumb\"},\"inLanguage\":\"es\",\"potentialAction\":[{\"@type\":\"ReadAction\",\"target\":[\"https:\\\/\\\/www.goierrieskola.eus\\\/es\\\/practicas-profesionales-en-ikaslan-fundazioa\\\/\"]}]},{\"@type\":\"BreadcrumbList\",\"@id\":\"https:\\\/\\\/www.goierrieskola.eus\\\/es\\\/practicas-profesionales-en-ikaslan-fundazioa\\\/#breadcrumb\",\"itemListElement\":[{\"@type\":\"ListItem\",\"position\":1,\"name\":\"Portada\",\"item\":\"https:\\\/\\\/www.goierrieskola.eus\\\/es\\\/\"},{\"@type\":\"ListItem\",\"position\":2,\"name\":\"Practicas FCT en Ikaslan Fundazioa\"}]},{\"@type\":\"WebSite\",\"@id\":\"https:\\\/\\\/www.goierrieskola.eus\\\/#website\",\"url\":\"https:\\\/\\\/www.goierrieskola.eus\\\/\",\"name\":\"Goierri Eskola\",\"description\":\"La Web de tu Escuela\",\"publisher\":{\"@id\":\"https:\\\/\\\/www.goierrieskola.eus\\\/#organization\"},\"potentialAction\":[{\"@type\":\"SearchAction\",\"target\":{\"@type\":\"EntryPoint\",\"urlTemplate\":\"https:\\\/\\\/www.goierrieskola.eus\\\/?s={search_term_string}\"},\"query-input\":{\"@type\":\"PropertyValueSpecification\",\"valueRequired\":true,\"valueName\":\"search_term_string\"}}],\"inLanguage\":\"es\"},{\"@type\":\"Organization\",\"@id\":\"https:\\\/\\\/www.goierrieskola.eus\\\/#organization\",\"name\":\"Goierri Eskola\",\"url\":\"https:\\\/\\\/www.goierrieskola.eus\\\/\",\"logo\":{\"@type\":\"ImageObject\",\"inLanguage\":\"es\",\"@id\":\"https:\\\/\\\/www.goierrieskola.eus\\\/#\\\/schema\\\/logo\\\/image\\\/\",\"url\":\"https:\\\/\\\/www.goierrieskola.eus\\\/wp-content\\\/uploads\\\/2014\\\/11\\\/Logo_color.jpg\",\"contentUrl\":\"https:\\\/\\\/www.goierrieskola.eus\\\/wp-content\\\/uploads\\\/2014\\\/11\\\/Logo_color.jpg\",\"width\":227,\"height\":88,\"caption\":\"Goierri Eskola\"},\"image\":{\"@id\":\"https:\\\/\\\/www.goierrieskola.eus\\\/#\\\/schema\\\/logo\\\/image\\\/\"},\"sameAs\":[\"https:\\\/\\\/www.facebook.com\\\/goierrieskola\",\"https:\\\/\\\/x.com\\\/Goierrieskola1\"]}]}<\/script>\n<!-- \/ Yoast SEO plugin. -->","yoast_head_json":{"title":"Practicas FCT en Ikaslan Fundazioa - Goierri Eskola","robots":{"index":"noindex","follow":"follow"},"og_locale":"es_ES","og_type":"article","og_title":"Practicas FCT en Ikaslan Fundazioa - Goierri Eskola","og_description":"[vc_row inner_container=\u00bbno\u00bb section_type=\u00bbalternate\u00bb padding_top=\u00bb20&#8243; padding_bottom=\u00bb20&#8243;][vc_column][vc_custom_heading text=\u00bbIKASLAN FUNDAZIOA: LA EMPRESA QUE FORMA PROFESIONALES\u00bb font_container=\u00bbtag:h2|font_size:36px|text_align:center|line_height:42px\u00bb google_fonts=\u00bbfont_family:Raleway%3A100%2C200%2C300%2Cregular%2C500%2C600%2C700%2C800%2C900|font_style:400%20regular%3A400%3Anormal\u00bb][vc_single_image image=\u00bb10615&#8243; img_size=\u00bbfull\u00bb full_width=\u00bbyes\u00bb][vc_custom_heading text=\u00bbGoierri Eskola + Ikaslan Fundazioa = Binomio Perfecto\u00bb font_container=\u00bbtag:h1|font_size:36px|text_align:center|line_height:42px\u00bb google_fonts=\u00bbfont_family:Raleway%3A100%2C200%2C300%2Cregular%2C500%2C600%2C700%2C800%2C900|font_style:400%20regular%3A400%3Anormal\u00bb][\/vc_column][\/vc_row][vc_row el_id=\u00bbAlquiler-de-espacios-para-empresas\u00bb text_align=\u00bbcenter\u00bb section_type=\u00bbalternate\u00bb][vc_column width=\u00bb1\/2&#8243;][vc_column_text el_class=\u00bbofertaEducativa\u00bb]QU\u00c9 ES IKASLAN FUNDAZIOA: Ikaslan Fundazioa es una escuela-empresa que ofrece un servicio de producci\u00f3n a las empresas, utilizando dichos trabajos para formar al alumnado de segundos cursos de [&hellip;]","og_url":"https:\/\/www.goierrieskola.eus\/es\/practicas-profesionales-en-ikaslan-fundazioa\/","og_site_name":"Goierri Eskola","article_publisher":"https:\/\/www.facebook.com\/goierrieskola","article_modified_time":"2024-09-27T06:24:44+00:00","twitter_card":"summary_large_image","twitter_site":"@Goierrieskola1","twitter_misc":{"Tiempo de lectura":"2 minutos"},"schema":{"@context":"https:\/\/schema.org","@graph":[{"@type":"WebPage","@id":"https:\/\/www.goierrieskola.eus\/es\/practicas-profesionales-en-ikaslan-fundazioa\/","url":"https:\/\/www.goierrieskola.eus\/es\/practicas-profesionales-en-ikaslan-fundazioa\/","name":"Practicas FCT en Ikaslan Fundazioa - Goierri Eskola","isPartOf":{"@id":"https:\/\/www.goierrieskola.eus\/#website"},"datePublished":"2019-05-03T12:37:23+00:00","dateModified":"2024-09-27T06:24:44+00:00","breadcrumb":{"@id":"https:\/\/www.goierrieskola.eus\/es\/practicas-profesionales-en-ikaslan-fundazioa\/#breadcrumb"},"inLanguage":"es","potentialAction":[{"@type":"ReadAction","target":["https:\/\/www.goierrieskola.eus\/es\/practicas-profesionales-en-ikaslan-fundazioa\/"]}]},{"@type":"BreadcrumbList","@id":"https:\/\/www.goierrieskola.eus\/es\/practicas-profesionales-en-ikaslan-fundazioa\/#breadcrumb","itemListElement":[{"@type":"ListItem","position":1,"name":"Portada","item":"https:\/\/www.goierrieskola.eus\/es\/"},{"@type":"ListItem","position":2,"name":"Practicas FCT en Ikaslan Fundazioa"}]},{"@type":"WebSite","@id":"https:\/\/www.goierrieskola.eus\/#website","url":"https:\/\/www.goierrieskola.eus\/","name":"Goierri Eskola","description":"La Web de tu Escuela","publisher":{"@id":"https:\/\/www.goierrieskola.eus\/#organization"},"potentialAction":[{"@type":"SearchAction","target":{"@type":"EntryPoint","urlTemplate":"https:\/\/www.goierrieskola.eus\/?s={search_term_string}"},"query-input":{"@type":"PropertyValueSpecification","valueRequired":true,"valueName":"search_term_string"}}],"inLanguage":"es"},{"@type":"Organization","@id":"https:\/\/www.goierrieskola.eus\/#organization","name":"Goierri Eskola","url":"https:\/\/www.goierrieskola.eus\/","logo":{"@type":"ImageObject","inLanguage":"es","@id":"https:\/\/www.goierrieskola.eus\/#\/schema\/logo\/image\/","url":"https:\/\/www.goierrieskola.eus\/wp-content\/uploads\/2014\/11\/Logo_color.jpg","contentUrl":"https:\/\/www.goierrieskola.eus\/wp-content\/uploads\/2014\/11\/Logo_color.jpg","width":227,"height":88,"caption":"Goierri Eskola"},"image":{"@id":"https:\/\/www.goierrieskola.eus\/#\/schema\/logo\/image\/"},"sameAs":["https:\/\/www.facebook.com\/goierrieskola","https:\/\/x.com\/Goierrieskola1"]}]}},"_links":{"self":[{"href":"https:\/\/www.goierrieskola.eus\/es\/wp-json\/wp\/v2\/pages\/10165","targetHints":{"allow":["GET"]}}],"collection":[{"href":"https:\/\/www.goierrieskola.eus\/es\/wp-json\/wp\/v2\/pages"}],"about":[{"href":"https:\/\/www.goierrieskola.eus\/es\/wp-json\/wp\/v2\/types\/page"}],"author":[{"embeddable":true,"href":"https:\/\/www.goierrieskola.eus\/es\/wp-json\/wp\/v2\/users\/1"}],"replies":[{"embeddable":true,"href":"https:\/\/www.goierrieskola.eus\/es\/wp-json\/wp\/v2\/comments?post=10165"}],"version-history":[{"count":23,"href":"https:\/\/www.goierrieskola.eus\/es\/wp-json\/wp\/v2\/pages\/10165\/revisions"}],"predecessor-version":[{"id":17336,"href":"https:\/\/www.goierrieskola.eus\/es\/wp-json\/wp\/v2\/pages\/10165\/revisions\/17336"}],"wp:attachment":[{"href":"https:\/\/www.goierrieskola.eus\/es\/wp-json\/wp\/v2\/media?parent=10165"}],"curies":[{"name":"wp","href":"https:\/\/api.w.org\/{rel}","templated":true}]}}