{"id":11314,"date":"2021-03-03T14:22:53","date_gmt":"2021-03-03T14:22:53","guid":{"rendered":"http:\/\/www.goierrieskola.eus\/?page_id=11314"},"modified":"2023-04-24T13:53:20","modified_gmt":"2023-04-24T13:53:20","slug":"perfil-del-contratante","status":"publish","type":"page","link":"https:\/\/www.goierrieskola.eus\/es\/perfil-del-contratante\/","title":{"rendered":"Perfil del Contratante"},"content":{"rendered":"<p>[vc_row][vc_column][vc_custom_heading text=\u00bbPerfil del Contratante\u00bb font_container=\u00bbtag:h2|font_size:36px|text_align:center|color:%23ffffff|line_height:42px\u00bb google_fonts=\u00bbfont_family:Raleway%3A100%2C200%2C300%2Cregular%2C500%2C600%2C700%2C800%2C900|font_style:300%20light%20regular%3A300%3Anormal\u00bb css=\u00bb.vc_custom_1614777168149{background-color: #1b5faa !important;}\u00bb][vc_column_text el_class=\u00bbtextoIndependiente\u00bb]<\/p>\n<p style=\"font-weight: 400;\">El perfil del contratante es una plataforma que se difunde a trav\u00e9s de Internet, por medio de la cual, el \u00f3rgano de contrataci\u00f3n difunde determinada informaci\u00f3n.<\/p>\n<p style=\"font-weight: 400;\">El perfil del contratante (en adelante PC o perfil, indistintamente) est\u00e1 regulado en el art. 42 LCSP, cuyo apartado tercero establece que el sistema inform\u00e1tico que soporte el perfil deber\u00e1 contar con un dispositivo que permita acreditar fehacientemente el momento de inicio de la difusi\u00f3n p\u00fablica de la informaci\u00f3n que se incluya en el mismo.<\/p>\n<p>[\/vc_column_text]<div class=\"row multi-columns-row three-column-items\"><div class=\"feature-items col-xs-12 col-sm-6 col-md-4\"><div class=\"kleo-block feature-item list-el-animated default-icons-size center-icons\"><span class=\"feature-icon el-appear icon-list\"><\/span><h3 class=\"feature-title\">Instrucciones Internas<\/h3><div class=\"feature-text\">Reglamento del procedimiento interno de contrataci\u00f3n de la fundaci\u00f3n Goiherriko Herrien Ekintza.<\/p>\n<div class=\"text-center\"><a class=\"btn btn-highlight btn-lg\" href=\"https:\/\/drive.google.com\/file\/d\/1X7peYoxjG95rhQ4xegmlWwYxwZtsMO5U\/view?usp=share_link\" target=\"_blank\">Instrucciones Internas<\/a><\/div><\/div><\/div><\/div><div class=\"feature-items col-xs-12 col-sm-6 col-md-4\"><div class=\"kleo-block feature-item list-el-animated default-icons-size center-icons\"><span class=\"feature-icon el-appear icon-search\"><\/span><h3 class=\"feature-title\">Ver Licitaciones<\/h3><div class=\"feature-text\">Listado de licitaciones de la Fundaci\u00f3n Goiherriko Herrien Ekintza.<\/p>\n<div class=\"text-center\"><a class=\"btn btn-highlight btn-lg\" href=\"\/es\/licitaciones\/\">Licitaciones<\/a><\/div><\/div><\/div><\/div><div class=\"feature-items col-xs-12 col-sm-6 col-md-4\"><div class=\"kleo-block feature-item list-el-animated default-icons-size center-icons\"><span class=\"feature-icon el-appear icon-euro\"><\/span><h3 class=\"feature-title\">Adjudicaciones<\/h3><div class=\"feature-text\"><\/p>\n<p>Listado de adjudicaciones de la Fundaci\u00f3n Goiherriko Herrien Ekintza.<\/p>\n<div class=\"text-center\"><a class=\"btn btn-highlight btn-lg\" href=\"\/es\/adjudicaciones\/\">Adjudicaciones<\/a><\/div>\n<p><\/div><\/div><\/div><\/div>\n\t<div  class=\"hr-title hr-long hr-center\" style=\"\"><abbr><i class=\"icon-star\"><\/i> <\/abbr><\/div><div  class=\"kleo-gap\" style=\"height:20px;line-height:20px;\"><\/div>[vc_column_text el_class=\u00bbtextoIndependiente\u00bb]<\/p>\n<p style=\"font-weight: 400; text-align: center;\">En caso de requerir mas informaci\u00f3n, solic\u00edtelo a trav\u00e9s del siguiente enlace y nos pondremos en contacto con usted.<\/p>\n<p>[\/vc_column_text]<div class=\"text-center\"><a class=\"btn btn-highlight btn-lg\" href=\"\/harremanetarako-orria\/\">Solicitar m\u00e1s informaci\u00f3n<\/a><\/div>[\/vc_column][\/vc_row]<\/p>\n","protected":false},"excerpt":{"rendered":"<p>[vc_row][vc_column][vc_custom_heading text=\u00bbPerfil del Contratante\u00bb font_container=\u00bbtag:h2|font_size:36px|text_align:center|color:%23ffffff|line_height:42px\u00bb google_fonts=\u00bbfont_family:Raleway%3A100%2C200%2C300%2Cregular%2C500%2C600%2C700%2C800%2C900|font_style:300%20light%20regular%3A300%3Anormal\u00bb css=\u00bb.vc_custom_1614777168149{background-color: #1b5faa !important;}\u00bb][vc_column_text el_class=\u00bbtextoIndependiente\u00bb] El perfil del contratante es una plataforma que se difunde a trav\u00e9s de Internet, por medio de la cual, el \u00f3rgano de contrataci\u00f3n difunde determinada informaci\u00f3n. El perfil del contratante (en adelante PC o perfil, indistintamente) est\u00e1 regulado en el art. 42 LCSP, cuyo apartado tercero establece que el sistema [&hellip;]<\/p>\n","protected":false},"author":1,"featured_media":0,"parent":0,"menu_order":0,"comment_status":"closed","ping_status":"closed","template":"","meta":{"footnotes":""},"class_list":["post-11314","page","type-page","status-publish","hentry"],"yoast_head":"<!-- This site is optimized with the Yoast SEO plugin v27.3 - https:\/\/yoast.com\/product\/yoast-seo-wordpress\/ -->\n<title>Perfil del Contratante - Goierri Eskola<\/title>\n<meta name=\"robots\" content=\"index, follow, max-snippet:-1, max-image-preview:large, max-video-preview:-1\" \/>\n<link rel=\"canonical\" href=\"https:\/\/www.goierrieskola.eus\/es\/perfil-del-contratante\/\" \/>\n<meta property=\"og:locale\" content=\"es_ES\" \/>\n<meta property=\"og:type\" content=\"article\" \/>\n<meta property=\"og:title\" content=\"Perfil del Contratante - Goierri Eskola\" \/>\n<meta property=\"og:description\" content=\"[vc_row][vc_column][vc_custom_heading text=\u00bbPerfil del Contratante\u00bb font_container=\u00bbtag:h2|font_size:36px|text_align:center|color:%23ffffff|line_height:42px\u00bb google_fonts=\u00bbfont_family:Raleway%3A100%2C200%2C300%2Cregular%2C500%2C600%2C700%2C800%2C900|font_style:300%20light%20regular%3A300%3Anormal\u00bb css=\u00bb.vc_custom_1614777168149{background-color: #1b5faa !important;}\u00bb][vc_column_text el_class=\u00bbtextoIndependiente\u00bb] El perfil del contratante es una plataforma que se difunde a trav\u00e9s de Internet, por medio de la cual, el \u00f3rgano de contrataci\u00f3n difunde determinada informaci\u00f3n. El perfil del contratante (en adelante PC o perfil, indistintamente) est\u00e1 regulado en el art. 42 LCSP, cuyo apartado tercero establece que el sistema [&hellip;]\" \/>\n<meta property=\"og:url\" content=\"https:\/\/www.goierrieskola.eus\/es\/perfil-del-contratante\/\" \/>\n<meta property=\"og:site_name\" content=\"Goierri Eskola\" \/>\n<meta property=\"article:publisher\" content=\"https:\/\/www.facebook.com\/goierrieskola\" \/>\n<meta property=\"article:modified_time\" content=\"2023-04-24T13:53:20+00:00\" \/>\n<meta name=\"twitter:card\" content=\"summary_large_image\" \/>\n<meta name=\"twitter:site\" content=\"@Goierrieskola1\" \/>\n<meta name=\"twitter:label1\" content=\"Tiempo de lectura\" \/>\n\t<meta name=\"twitter:data1\" content=\"1 minuto\" \/>\n<script type=\"application\/ld+json\" class=\"yoast-schema-graph\">{\"@context\":\"https:\\\/\\\/schema.org\",\"@graph\":[{\"@type\":\"WebPage\",\"@id\":\"https:\\\/\\\/www.goierrieskola.eus\\\/es\\\/perfil-del-contratante\\\/\",\"url\":\"https:\\\/\\\/www.goierrieskola.eus\\\/es\\\/perfil-del-contratante\\\/\",\"name\":\"Perfil del Contratante - Goierri Eskola\",\"isPartOf\":{\"@id\":\"https:\\\/\\\/www.goierrieskola.eus\\\/#website\"},\"datePublished\":\"2021-03-03T14:22:53+00:00\",\"dateModified\":\"2023-04-24T13:53:20+00:00\",\"breadcrumb\":{\"@id\":\"https:\\\/\\\/www.goierrieskola.eus\\\/es\\\/perfil-del-contratante\\\/#breadcrumb\"},\"inLanguage\":\"es\",\"potentialAction\":[{\"@type\":\"ReadAction\",\"target\":[\"https:\\\/\\\/www.goierrieskola.eus\\\/es\\\/perfil-del-contratante\\\/\"]}]},{\"@type\":\"BreadcrumbList\",\"@id\":\"https:\\\/\\\/www.goierrieskola.eus\\\/es\\\/perfil-del-contratante\\\/#breadcrumb\",\"itemListElement\":[{\"@type\":\"ListItem\",\"position\":1,\"name\":\"Portada\",\"item\":\"https:\\\/\\\/www.goierrieskola.eus\\\/es\\\/\"},{\"@type\":\"ListItem\",\"position\":2,\"name\":\"Perfil del Contratante\"}]},{\"@type\":\"WebSite\",\"@id\":\"https:\\\/\\\/www.goierrieskola.eus\\\/#website\",\"url\":\"https:\\\/\\\/www.goierrieskola.eus\\\/\",\"name\":\"Goierri Eskola\",\"description\":\"La Web de tu Escuela\",\"publisher\":{\"@id\":\"https:\\\/\\\/www.goierrieskola.eus\\\/#organization\"},\"potentialAction\":[{\"@type\":\"SearchAction\",\"target\":{\"@type\":\"EntryPoint\",\"urlTemplate\":\"https:\\\/\\\/www.goierrieskola.eus\\\/?s={search_term_string}\"},\"query-input\":{\"@type\":\"PropertyValueSpecification\",\"valueRequired\":true,\"valueName\":\"search_term_string\"}}],\"inLanguage\":\"es\"},{\"@type\":\"Organization\",\"@id\":\"https:\\\/\\\/www.goierrieskola.eus\\\/#organization\",\"name\":\"Goierri Eskola\",\"url\":\"https:\\\/\\\/www.goierrieskola.eus\\\/\",\"logo\":{\"@type\":\"ImageObject\",\"inLanguage\":\"es\",\"@id\":\"https:\\\/\\\/www.goierrieskola.eus\\\/#\\\/schema\\\/logo\\\/image\\\/\",\"url\":\"https:\\\/\\\/www.goierrieskola.eus\\\/wp-content\\\/uploads\\\/2014\\\/11\\\/Logo_color.jpg\",\"contentUrl\":\"https:\\\/\\\/www.goierrieskola.eus\\\/wp-content\\\/uploads\\\/2014\\\/11\\\/Logo_color.jpg\",\"width\":227,\"height\":88,\"caption\":\"Goierri Eskola\"},\"image\":{\"@id\":\"https:\\\/\\\/www.goierrieskola.eus\\\/#\\\/schema\\\/logo\\\/image\\\/\"},\"sameAs\":[\"https:\\\/\\\/www.facebook.com\\\/goierrieskola\",\"https:\\\/\\\/x.com\\\/Goierrieskola1\"]}]}<\/script>\n<!-- \/ Yoast SEO plugin. -->","yoast_head_json":{"title":"Perfil del Contratante - Goierri Eskola","robots":{"index":"index","follow":"follow","max-snippet":"max-snippet:-1","max-image-preview":"max-image-preview:large","max-video-preview":"max-video-preview:-1"},"canonical":"https:\/\/www.goierrieskola.eus\/es\/perfil-del-contratante\/","og_locale":"es_ES","og_type":"article","og_title":"Perfil del Contratante - Goierri Eskola","og_description":"[vc_row][vc_column][vc_custom_heading text=\u00bbPerfil del Contratante\u00bb font_container=\u00bbtag:h2|font_size:36px|text_align:center|color:%23ffffff|line_height:42px\u00bb google_fonts=\u00bbfont_family:Raleway%3A100%2C200%2C300%2Cregular%2C500%2C600%2C700%2C800%2C900|font_style:300%20light%20regular%3A300%3Anormal\u00bb css=\u00bb.vc_custom_1614777168149{background-color: #1b5faa !important;}\u00bb][vc_column_text el_class=\u00bbtextoIndependiente\u00bb] El perfil del contratante es una plataforma que se difunde a trav\u00e9s de Internet, por medio de la cual, el \u00f3rgano de contrataci\u00f3n difunde determinada informaci\u00f3n. El perfil del contratante (en adelante PC o perfil, indistintamente) est\u00e1 regulado en el art. 42 LCSP, cuyo apartado tercero establece que el sistema [&hellip;]","og_url":"https:\/\/www.goierrieskola.eus\/es\/perfil-del-contratante\/","og_site_name":"Goierri Eskola","article_publisher":"https:\/\/www.facebook.com\/goierrieskola","article_modified_time":"2023-04-24T13:53:20+00:00","twitter_card":"summary_large_image","twitter_site":"@Goierrieskola1","twitter_misc":{"Tiempo de lectura":"1 minuto"},"schema":{"@context":"https:\/\/schema.org","@graph":[{"@type":"WebPage","@id":"https:\/\/www.goierrieskola.eus\/es\/perfil-del-contratante\/","url":"https:\/\/www.goierrieskola.eus\/es\/perfil-del-contratante\/","name":"Perfil del Contratante - Goierri Eskola","isPartOf":{"@id":"https:\/\/www.goierrieskola.eus\/#website"},"datePublished":"2021-03-03T14:22:53+00:00","dateModified":"2023-04-24T13:53:20+00:00","breadcrumb":{"@id":"https:\/\/www.goierrieskola.eus\/es\/perfil-del-contratante\/#breadcrumb"},"inLanguage":"es","potentialAction":[{"@type":"ReadAction","target":["https:\/\/www.goierrieskola.eus\/es\/perfil-del-contratante\/"]}]},{"@type":"BreadcrumbList","@id":"https:\/\/www.goierrieskola.eus\/es\/perfil-del-contratante\/#breadcrumb","itemListElement":[{"@type":"ListItem","position":1,"name":"Portada","item":"https:\/\/www.goierrieskola.eus\/es\/"},{"@type":"ListItem","position":2,"name":"Perfil del Contratante"}]},{"@type":"WebSite","@id":"https:\/\/www.goierrieskola.eus\/#website","url":"https:\/\/www.goierrieskola.eus\/","name":"Goierri Eskola","description":"La Web de tu Escuela","publisher":{"@id":"https:\/\/www.goierrieskola.eus\/#organization"},"potentialAction":[{"@type":"SearchAction","target":{"@type":"EntryPoint","urlTemplate":"https:\/\/www.goierrieskola.eus\/?s={search_term_string}"},"query-input":{"@type":"PropertyValueSpecification","valueRequired":true,"valueName":"search_term_string"}}],"inLanguage":"es"},{"@type":"Organization","@id":"https:\/\/www.goierrieskola.eus\/#organization","name":"Goierri Eskola","url":"https:\/\/www.goierrieskola.eus\/","logo":{"@type":"ImageObject","inLanguage":"es","@id":"https:\/\/www.goierrieskola.eus\/#\/schema\/logo\/image\/","url":"https:\/\/www.goierrieskola.eus\/wp-content\/uploads\/2014\/11\/Logo_color.jpg","contentUrl":"https:\/\/www.goierrieskola.eus\/wp-content\/uploads\/2014\/11\/Logo_color.jpg","width":227,"height":88,"caption":"Goierri Eskola"},"image":{"@id":"https:\/\/www.goierrieskola.eus\/#\/schema\/logo\/image\/"},"sameAs":["https:\/\/www.facebook.com\/goierrieskola","https:\/\/x.com\/Goierrieskola1"]}]}},"_links":{"self":[{"href":"https:\/\/www.goierrieskola.eus\/es\/wp-json\/wp\/v2\/pages\/11314","targetHints":{"allow":["GET"]}}],"collection":[{"href":"https:\/\/www.goierrieskola.eus\/es\/wp-json\/wp\/v2\/pages"}],"about":[{"href":"https:\/\/www.goierrieskola.eus\/es\/wp-json\/wp\/v2\/types\/page"}],"author":[{"embeddable":true,"href":"https:\/\/www.goierrieskola.eus\/es\/wp-json\/wp\/v2\/users\/1"}],"replies":[{"embeddable":true,"href":"https:\/\/www.goierrieskola.eus\/es\/wp-json\/wp\/v2\/comments?post=11314"}],"version-history":[{"count":8,"href":"https:\/\/www.goierrieskola.eus\/es\/wp-json\/wp\/v2\/pages\/11314\/revisions"}],"predecessor-version":[{"id":15689,"href":"https:\/\/www.goierrieskola.eus\/es\/wp-json\/wp\/v2\/pages\/11314\/revisions\/15689"}],"wp:attachment":[{"href":"https:\/\/www.goierrieskola.eus\/es\/wp-json\/wp\/v2\/media?parent=11314"}],"curies":[{"name":"wp","href":"https:\/\/api.w.org\/{rel}","templated":true}]}}