{"id":11506,"date":"2021-05-10T14:50:53","date_gmt":"2021-05-10T14:50:53","guid":{"rendered":"http:\/\/www.goierrieskola.eus\/?page_id=11506"},"modified":"2026-02-26T14:46:08","modified_gmt":"2026-02-26T14:46:08","slug":"erasmus","status":"publish","type":"page","link":"https:\/\/www.goierrieskola.eus\/es\/erasmus\/","title":{"rendered":"Erasmus+"},"content":{"rendered":"<p>[vc_row el_id=\u00bbFormacion\u00bb text_align=\u00bbcenter\u00bb section_type=\u00bbalternate\u00bb type=\u00bbimage\u00bb bg_position=\u00bbcenter\u00bb bg_position_horizontal=\u00bbright\u00bb border=\u00bbbottom\u00bb bg_image=\u00bb11582&#8243;][vc_column][vc_custom_heading text=\u00bbERASMUS+\u00bb font_container=\u00bbtag:h2|font_size:36px|text_align:center|color:%23ffffff|line_height:42px\u00bb google_fonts=\u00bbfont_family:Raleway%3A100%2C200%2C300%2Cregular%2C500%2C600%2C700%2C800%2C900|font_style:900%20bold%20regular%3A900%3Anormal\u00bb letter_spacing=\u00bb4px\u00bb css=\u00bb.vc_custom_1620657117627{background-color: #0066bf !important;background-position: center !important;background-repeat: no-repeat !important;background-size: contain !important;}\u00bb][vc_custom_heading text=\u00bbBECA para realizar las PRACTICAS de Formaci\u00f3n Profesional en Europa\u00bb font_container=\u00bbtag:h2|font_size:22px|text_align:center|color:%230066bf|line_height:34px\u00bb google_fonts=\u00bbfont_family:Raleway%3A100%2C200%2C300%2Cregular%2C500%2C600%2C700%2C800%2C900|font_style:700%20bold%20regular%3A700%3Anormal\u00bb css=\u00bb.vc_custom_1620656964356{background-color: #eff5ff !important;background-position: center !important;background-repeat: no-repeat !important;background-size: contain !important;}\u00bb]\n\t<div  class=\"hr-title hr-long hr-center\" style=\"\"><abbr><i class=\"icon-asterisk\"><\/i> <\/abbr><\/div>[\/vc_column][\/vc_row][vc_row][vc_column width=\u00bb1\/2&#8243;][vc_column_text]<\/p>\n<p>[\/vc_column_text][vc_column_text]Gracias a las becas\u00a0<a href=\"https:\/\/ec.europa.eu\/programmes\/erasmus-plus\/node_es\" target=\"_blank\" rel=\"noopener\">ERASMUS+<\/a>, los alumnos de\u00a0Goierri Eskola, pueden realizar las PRACTICAS obligatorias de Formaci\u00f3n Profesional en Europa.<\/p>\n<h4><\/h4>\n<h4><strong>Objetivos<\/strong><\/h4>\n<ul>\n<li style=\"text-align: left;\">Apoyar la adquisici\u00f3n de competencias y mejorar el desarrollo personal y las oportunidades de empleo.<\/li>\n<li style=\"text-align: left;\">Mejorar la competencia en lenguas extranjeras.<\/li>\n<li style=\"text-align: left;\">Aumentar la conciencia y comprensi\u00f3n de otras culturas y pa\u00edses.<\/li>\n<li style=\"text-align: left;\">Asegurar el reconocimiento de las competencias adquiridas en periodos de aprendizaje en el extranjero.<\/li>\n<\/ul>\n<h4><\/h4>\n<h4><strong>Iraupena<\/strong><\/h4>\n<p>La convocatoria solicitada por <a href=\"https:\/\/www.hetel.eus\/index.php\/eu\/\" target=\"_blank\" rel=\"noopener\">HETEL<\/a> contempla pr\u00e1cticas a jornada completa y con una duraci\u00f3n de 13 semanas.<\/p>\n<h4><\/h4>\n<h4><strong>Posibles destinos<\/strong><\/h4>\n<p>Holanda (Eindhoven); Irlanda (Cork); Finlandia (Salpaus; Jyvaskyla); Italia (Mil\u00e1n; Pistoia; Cosenza; Palermo; Catania); Bulgaria (Sofia); Polonia (Varsovia); Rep\u00fablica Checa (Praga); Alemania (Bensheim; Bremen); Malta.[\/vc_column_text][vc_single_image image=\u00bb19614&#8243; img_size=\u00bbmedium\u00bb alignment=\u00bbcenter\u00bb onclick=\u00bbcustom_link\u00bb img_link_target=\u00bb_blank\u00bb link=\u00bbhttps:\/\/erasmus-plus.ec.europa.eu\/es\u00bb][\/vc_column][vc_column width=\u00bb1\/2&#8243;]<div  class=\"kleo-gap\" style=\"height:10px;line-height:10px;\"><\/div>[vc_accordion][vc_accordion_tab title=\u00bbDirigido a:\u00bb icon=\u00bbminus-circle\u00bb icon_closed=\u00bbplus-circled\u00bb][vc_column_text]<\/p>\n<p>Alumnos de 2\u00ba curso de Formaci\u00f3n Profesional en alg\u00fan centro de HETEL.<\/p>\n<h4 style=\"text-align: left;\">Condiciones<\/h4>\n<p class=\"rtejustify\" style=\"text-align: left;\">1.Ser alumno\/a de 2\u00ba de un CFGM o CFGS de uno de los centros de HETEL asociados al proyecto en cualquiera de las titulaciones oficiales.<\/p>\n<p class=\"rtejustify\" style=\"text-align: left;\">2.Haber sido seleccionado y contar con el visto bueno del centro\/departamento\/instituto donde el alumno o la alumna est\u00e9 matriculado y no tener abierto ning\u00fan expediente disciplinario o similar.<\/p>\n<p class=\"rtejustify\" style=\"text-align: left;\">3.Tener la nacionalidad correspondiente a cualquiera de los estados miembros de la UE, o pa\u00edses asociados, y los estudiantes que, no siendo nacionales de uno de los pa\u00edses participantes, s\u00f3lo necesitan estar matriculados en uno de los centros de HETEL asociados al proyecto.<\/p>\n<p class=\"rtejustify\" style=\"text-align: left;\">4.Las estudiantes en pr\u00e1cticas Erasmus deben de tener OBLIGATORIAMENTE Certificado de la Pr\u00e1cticas y demostrarlo documentalmente al final de las mismas.<\/p>\n<p class=\"rtejustify\" style=\"text-align: left;\">(*) Se entiende por empresa cualquier entidad que desempe\u00f1e una actividad econ\u00f3mica en el sector p\u00fablico o privado, independientemente de su tama\u00f1o, r\u00e9gimen jur\u00eddico o del sector econ\u00f3mico en el que opere, incluida la econom\u00eda social (base legal, Art. 2, n\u00ba 25).<\/p>\n<p>[\/vc_column_text][\/vc_accordion_tab][vc_accordion_tab title=\u00bbCRITERIOS Selecci\u00f3n Alumnos\u00bb icon=\u00bbminus-circle\u00bb icon_closed=\u00bbplus-circled\u00bb][vc_column_text]En el siguiente documento, se establecen los criterios para la selecci\u00f3n de alumnos.[\/vc_column_text]<a class=\"btn btn-highlight\" href=\"https:\/\/drive.google.com\/open?id=18Ft8ql7cw2lld_h-JFED054bNaGJnwZL&amp;authuser=bulegoa.goierrieskola%40gmail.com&amp;usp=drive_fs\" target=\"_blank\">CRITERIOS Selecci\u00f3n<\/a>[\/vc_accordion_tab][vc_accordion_tab title=\u00bbErasmus Charter for Higher Education\u00bb icon=\u00bbminus-circle\u00bb icon_closed=\u00bbplus-circled\u00bb]<a class=\"btn btn-highlight\" href=\"https:\/\/drive.google.com\/open?id=18IzQT0lqn0lt5FNM-bWWeRANYvBlYnee&amp;authuser=bulegoa.goierrieskola%40gmail.com&amp;usp=drive_fs\" target=\"_blank\">Erasmus Charter<\/a>[\/vc_accordion_tab][vc_accordion_tab title=\u00bbFicha de Solicitud\u00bb icon=\u00bbminus-circle\u00bb icon_closed=\u00bbplus-circle\u00bb]<a class=\"btn btn-highlight\" href=\"https:\/\/drive.google.com\/open?id=18UXhRBHRxws6c6JPVnm1LHEa2j9Sxaat&amp;authuser=bulegoa.goierrieskola%40gmail.com&amp;usp=drive_fs\" target=\"_blank\">Ficha Solicitud<\/a>[\/vc_accordion_tab][\/vc_accordion][\/vc_column][\/vc_row]<\/p>\n","protected":false},"excerpt":{"rendered":"<p>[vc_row el_id=\u00bbFormacion\u00bb text_align=\u00bbcenter\u00bb section_type=\u00bbalternate\u00bb type=\u00bbimage\u00bb bg_position=\u00bbcenter\u00bb bg_position_horizontal=\u00bbright\u00bb border=\u00bbbottom\u00bb bg_image=\u00bb11582&#8243;][vc_column][vc_custom_heading text=\u00bbERASMUS+\u00bb font_container=\u00bbtag:h2|font_size:36px|text_align:center|color:%23ffffff|line_height:42px\u00bb google_fonts=\u00bbfont_family:Raleway%3A100%2C200%2C300%2Cregular%2C500%2C600%2C700%2C800%2C900|font_style:900%20bold%20regular%3A900%3Anormal\u00bb letter_spacing=\u00bb4px\u00bb css=\u00bb.vc_custom_1620657117627{background-color: #0066bf !important;background-position: center !important;background-repeat: no-repeat !important;background-size: contain !important;}\u00bb][vc_custom_heading text=\u00bbBECA para realizar las PRACTICAS de Formaci\u00f3n Profesional en Europa\u00bb font_container=\u00bbtag:h2|font_size:22px|text_align:center|color:%230066bf|line_height:34px\u00bb google_fonts=\u00bbfont_family:Raleway%3A100%2C200%2C300%2Cregular%2C500%2C600%2C700%2C800%2C900|font_style:700%20bold%20regular%3A700%3Anormal\u00bb css=\u00bb.vc_custom_1620656964356{background-color: #eff5ff !important;background-position: center !important;background-repeat: no-repeat !important;background-size: contain !important;}\u00bb][\/vc_column][\/vc_row][vc_row][vc_column width=\u00bb1\/2&#8243;][vc_column_text] [\/vc_column_text][vc_column_text]Gracias a las becas\u00a0ERASMUS+, los alumnos de\u00a0Goierri Eskola, pueden realizar las PRACTICAS obligatorias de Formaci\u00f3n Profesional [&hellip;]<\/p>\n","protected":false},"author":1,"featured_media":0,"parent":0,"menu_order":0,"comment_status":"closed","ping_status":"closed","template":"","meta":{"footnotes":""},"class_list":["post-11506","page","type-page","status-publish","hentry"],"yoast_head":"<!-- This site is optimized with the Yoast SEO plugin v27.6 - https:\/\/yoast.com\/product\/yoast-seo-wordpress\/ -->\n<title>Erasmus+ - Goierri Eskola<\/title>\n<meta name=\"robots\" content=\"index, follow, max-snippet:-1, max-image-preview:large, max-video-preview:-1\" \/>\n<link rel=\"canonical\" href=\"https:\/\/www.goierrieskola.eus\/es\/erasmus\/\" \/>\n<meta property=\"og:locale\" content=\"es_ES\" \/>\n<meta property=\"og:type\" content=\"article\" \/>\n<meta property=\"og:title\" content=\"Erasmus+ - Goierri Eskola\" \/>\n<meta property=\"og:description\" content=\"[vc_row el_id=\u00bbFormacion\u00bb text_align=\u00bbcenter\u00bb section_type=\u00bbalternate\u00bb type=\u00bbimage\u00bb bg_position=\u00bbcenter\u00bb bg_position_horizontal=\u00bbright\u00bb border=\u00bbbottom\u00bb bg_image=\u00bb11582&#8243;][vc_column][vc_custom_heading text=\u00bbERASMUS+\u00bb font_container=\u00bbtag:h2|font_size:36px|text_align:center|color:%23ffffff|line_height:42px\u00bb google_fonts=\u00bbfont_family:Raleway%3A100%2C200%2C300%2Cregular%2C500%2C600%2C700%2C800%2C900|font_style:900%20bold%20regular%3A900%3Anormal\u00bb letter_spacing=\u00bb4px\u00bb css=\u00bb.vc_custom_1620657117627{background-color: #0066bf !important;background-position: center !important;background-repeat: no-repeat !important;background-size: contain !important;}\u00bb][vc_custom_heading text=\u00bbBECA para realizar las PRACTICAS de Formaci\u00f3n Profesional en Europa\u00bb font_container=\u00bbtag:h2|font_size:22px|text_align:center|color:%230066bf|line_height:34px\u00bb google_fonts=\u00bbfont_family:Raleway%3A100%2C200%2C300%2Cregular%2C500%2C600%2C700%2C800%2C900|font_style:700%20bold%20regular%3A700%3Anormal\u00bb css=\u00bb.vc_custom_1620656964356{background-color: #eff5ff !important;background-position: center !important;background-repeat: no-repeat !important;background-size: contain !important;}\u00bb][\/vc_column][\/vc_row][vc_row][vc_column width=\u00bb1\/2&#8243;][vc_column_text] [\/vc_column_text][vc_column_text]Gracias a las becas\u00a0ERASMUS+, los alumnos de\u00a0Goierri Eskola, pueden realizar las PRACTICAS obligatorias de Formaci\u00f3n Profesional [&hellip;]\" \/>\n<meta property=\"og:url\" content=\"https:\/\/www.goierrieskola.eus\/es\/erasmus\/\" \/>\n<meta property=\"og:site_name\" content=\"Goierri Eskola\" \/>\n<meta property=\"article:publisher\" content=\"https:\/\/www.facebook.com\/goierrieskola\" \/>\n<meta property=\"article:modified_time\" content=\"2026-02-26T14:46:08+00:00\" \/>\n<meta name=\"twitter:card\" content=\"summary_large_image\" \/>\n<meta name=\"twitter:site\" content=\"@Goierrieskola1\" \/>\n<meta name=\"twitter:label1\" content=\"Tiempo de lectura\" \/>\n\t<meta name=\"twitter:data1\" content=\"2 minutos\" \/>\n<script type=\"application\/ld+json\" class=\"yoast-schema-graph\">{\"@context\":\"https:\\\/\\\/schema.org\",\"@graph\":[{\"@type\":\"WebPage\",\"@id\":\"https:\\\/\\\/www.goierrieskola.eus\\\/es\\\/erasmus\\\/\",\"url\":\"https:\\\/\\\/www.goierrieskola.eus\\\/es\\\/erasmus\\\/\",\"name\":\"Erasmus+ - Goierri Eskola\",\"isPartOf\":{\"@id\":\"https:\\\/\\\/www.goierrieskola.eus\\\/#website\"},\"datePublished\":\"2021-05-10T14:50:53+00:00\",\"dateModified\":\"2026-02-26T14:46:08+00:00\",\"breadcrumb\":{\"@id\":\"https:\\\/\\\/www.goierrieskola.eus\\\/es\\\/erasmus\\\/#breadcrumb\"},\"inLanguage\":\"es\",\"potentialAction\":[{\"@type\":\"ReadAction\",\"target\":[\"https:\\\/\\\/www.goierrieskola.eus\\\/es\\\/erasmus\\\/\"]}]},{\"@type\":\"BreadcrumbList\",\"@id\":\"https:\\\/\\\/www.goierrieskola.eus\\\/es\\\/erasmus\\\/#breadcrumb\",\"itemListElement\":[{\"@type\":\"ListItem\",\"position\":1,\"name\":\"Portada\",\"item\":\"https:\\\/\\\/www.goierrieskola.eus\\\/es\\\/\"},{\"@type\":\"ListItem\",\"position\":2,\"name\":\"Erasmus+\"}]},{\"@type\":\"WebSite\",\"@id\":\"https:\\\/\\\/www.goierrieskola.eus\\\/#website\",\"url\":\"https:\\\/\\\/www.goierrieskola.eus\\\/\",\"name\":\"Goierri Eskola\",\"description\":\"La Web de tu Escuela\",\"publisher\":{\"@id\":\"https:\\\/\\\/www.goierrieskola.eus\\\/#organization\"},\"potentialAction\":[{\"@type\":\"SearchAction\",\"target\":{\"@type\":\"EntryPoint\",\"urlTemplate\":\"https:\\\/\\\/www.goierrieskola.eus\\\/?s={search_term_string}\"},\"query-input\":{\"@type\":\"PropertyValueSpecification\",\"valueRequired\":true,\"valueName\":\"search_term_string\"}}],\"inLanguage\":\"es\"},{\"@type\":\"Organization\",\"@id\":\"https:\\\/\\\/www.goierrieskola.eus\\\/#organization\",\"name\":\"Goierri Eskola\",\"url\":\"https:\\\/\\\/www.goierrieskola.eus\\\/\",\"logo\":{\"@type\":\"ImageObject\",\"inLanguage\":\"es\",\"@id\":\"https:\\\/\\\/www.goierrieskola.eus\\\/#\\\/schema\\\/logo\\\/image\\\/\",\"url\":\"https:\\\/\\\/www.goierrieskola.eus\\\/wp-content\\\/uploads\\\/2014\\\/11\\\/Logo_color.jpg\",\"contentUrl\":\"https:\\\/\\\/www.goierrieskola.eus\\\/wp-content\\\/uploads\\\/2014\\\/11\\\/Logo_color.jpg\",\"width\":227,\"height\":88,\"caption\":\"Goierri Eskola\"},\"image\":{\"@id\":\"https:\\\/\\\/www.goierrieskola.eus\\\/#\\\/schema\\\/logo\\\/image\\\/\"},\"sameAs\":[\"https:\\\/\\\/www.facebook.com\\\/goierrieskola\",\"https:\\\/\\\/x.com\\\/Goierrieskola1\"]}]}<\/script>\n<!-- \/ Yoast SEO plugin. -->","yoast_head_json":{"title":"Erasmus+ - Goierri Eskola","robots":{"index":"index","follow":"follow","max-snippet":"max-snippet:-1","max-image-preview":"max-image-preview:large","max-video-preview":"max-video-preview:-1"},"canonical":"https:\/\/www.goierrieskola.eus\/es\/erasmus\/","og_locale":"es_ES","og_type":"article","og_title":"Erasmus+ - Goierri Eskola","og_description":"[vc_row el_id=\u00bbFormacion\u00bb text_align=\u00bbcenter\u00bb section_type=\u00bbalternate\u00bb type=\u00bbimage\u00bb bg_position=\u00bbcenter\u00bb bg_position_horizontal=\u00bbright\u00bb border=\u00bbbottom\u00bb bg_image=\u00bb11582&#8243;][vc_column][vc_custom_heading text=\u00bbERASMUS+\u00bb font_container=\u00bbtag:h2|font_size:36px|text_align:center|color:%23ffffff|line_height:42px\u00bb google_fonts=\u00bbfont_family:Raleway%3A100%2C200%2C300%2Cregular%2C500%2C600%2C700%2C800%2C900|font_style:900%20bold%20regular%3A900%3Anormal\u00bb letter_spacing=\u00bb4px\u00bb css=\u00bb.vc_custom_1620657117627{background-color: #0066bf !important;background-position: center !important;background-repeat: no-repeat !important;background-size: contain !important;}\u00bb][vc_custom_heading text=\u00bbBECA para realizar las PRACTICAS de Formaci\u00f3n Profesional en Europa\u00bb font_container=\u00bbtag:h2|font_size:22px|text_align:center|color:%230066bf|line_height:34px\u00bb google_fonts=\u00bbfont_family:Raleway%3A100%2C200%2C300%2Cregular%2C500%2C600%2C700%2C800%2C900|font_style:700%20bold%20regular%3A700%3Anormal\u00bb css=\u00bb.vc_custom_1620656964356{background-color: #eff5ff !important;background-position: center !important;background-repeat: no-repeat !important;background-size: contain !important;}\u00bb][\/vc_column][\/vc_row][vc_row][vc_column width=\u00bb1\/2&#8243;][vc_column_text] [\/vc_column_text][vc_column_text]Gracias a las becas\u00a0ERASMUS+, los alumnos de\u00a0Goierri Eskola, pueden realizar las PRACTICAS obligatorias de Formaci\u00f3n Profesional [&hellip;]","og_url":"https:\/\/www.goierrieskola.eus\/es\/erasmus\/","og_site_name":"Goierri Eskola","article_publisher":"https:\/\/www.facebook.com\/goierrieskola","article_modified_time":"2026-02-26T14:46:08+00:00","twitter_card":"summary_large_image","twitter_site":"@Goierrieskola1","twitter_misc":{"Tiempo de lectura":"2 minutos"},"schema":{"@context":"https:\/\/schema.org","@graph":[{"@type":"WebPage","@id":"https:\/\/www.goierrieskola.eus\/es\/erasmus\/","url":"https:\/\/www.goierrieskola.eus\/es\/erasmus\/","name":"Erasmus+ - Goierri Eskola","isPartOf":{"@id":"https:\/\/www.goierrieskola.eus\/#website"},"datePublished":"2021-05-10T14:50:53+00:00","dateModified":"2026-02-26T14:46:08+00:00","breadcrumb":{"@id":"https:\/\/www.goierrieskola.eus\/es\/erasmus\/#breadcrumb"},"inLanguage":"es","potentialAction":[{"@type":"ReadAction","target":["https:\/\/www.goierrieskola.eus\/es\/erasmus\/"]}]},{"@type":"BreadcrumbList","@id":"https:\/\/www.goierrieskola.eus\/es\/erasmus\/#breadcrumb","itemListElement":[{"@type":"ListItem","position":1,"name":"Portada","item":"https:\/\/www.goierrieskola.eus\/es\/"},{"@type":"ListItem","position":2,"name":"Erasmus+"}]},{"@type":"WebSite","@id":"https:\/\/www.goierrieskola.eus\/#website","url":"https:\/\/www.goierrieskola.eus\/","name":"Goierri Eskola","description":"La Web de tu Escuela","publisher":{"@id":"https:\/\/www.goierrieskola.eus\/#organization"},"potentialAction":[{"@type":"SearchAction","target":{"@type":"EntryPoint","urlTemplate":"https:\/\/www.goierrieskola.eus\/?s={search_term_string}"},"query-input":{"@type":"PropertyValueSpecification","valueRequired":true,"valueName":"search_term_string"}}],"inLanguage":"es"},{"@type":"Organization","@id":"https:\/\/www.goierrieskola.eus\/#organization","name":"Goierri Eskola","url":"https:\/\/www.goierrieskola.eus\/","logo":{"@type":"ImageObject","inLanguage":"es","@id":"https:\/\/www.goierrieskola.eus\/#\/schema\/logo\/image\/","url":"https:\/\/www.goierrieskola.eus\/wp-content\/uploads\/2014\/11\/Logo_color.jpg","contentUrl":"https:\/\/www.goierrieskola.eus\/wp-content\/uploads\/2014\/11\/Logo_color.jpg","width":227,"height":88,"caption":"Goierri Eskola"},"image":{"@id":"https:\/\/www.goierrieskola.eus\/#\/schema\/logo\/image\/"},"sameAs":["https:\/\/www.facebook.com\/goierrieskola","https:\/\/x.com\/Goierrieskola1"]}]}},"_links":{"self":[{"href":"https:\/\/www.goierrieskola.eus\/es\/wp-json\/wp\/v2\/pages\/11506","targetHints":{"allow":["GET"]}}],"collection":[{"href":"https:\/\/www.goierrieskola.eus\/es\/wp-json\/wp\/v2\/pages"}],"about":[{"href":"https:\/\/www.goierrieskola.eus\/es\/wp-json\/wp\/v2\/types\/page"}],"author":[{"embeddable":true,"href":"https:\/\/www.goierrieskola.eus\/es\/wp-json\/wp\/v2\/users\/1"}],"replies":[{"embeddable":true,"href":"https:\/\/www.goierrieskola.eus\/es\/wp-json\/wp\/v2\/comments?post=11506"}],"version-history":[{"count":5,"href":"https:\/\/www.goierrieskola.eus\/es\/wp-json\/wp\/v2\/pages\/11506\/revisions"}],"predecessor-version":[{"id":19618,"href":"https:\/\/www.goierrieskola.eus\/es\/wp-json\/wp\/v2\/pages\/11506\/revisions\/19618"}],"wp:attachment":[{"href":"https:\/\/www.goierrieskola.eus\/es\/wp-json\/wp\/v2\/media?parent=11506"}],"curies":[{"name":"wp","href":"https:\/\/api.w.org\/{rel}","templated":true}]}}