{"id":19331,"date":"2026-01-21T11:43:15","date_gmt":"2026-01-21T11:43:15","guid":{"rendered":"https:\/\/www.goierrieskola.eus\/ate-irekiak\/"},"modified":"2026-01-21T12:03:33","modified_gmt":"2026-01-21T12:03:33","slug":"puertas-abiertas","status":"publish","type":"page","link":"https:\/\/www.goierrieskola.eus\/es\/puertas-abiertas\/","title":{"rendered":"Puertas Abiertas"},"content":{"rendered":"<p>[vc_row inner_container=\u00bbno\u00bb type=\u00bbimage\u00bb bg_position=\u00bbcenter\u00bb bg_position_horizontal=\u00bbcenter\u00bb bg_attachment=\u00bbtrue\u00bb padding_top=\u00bb60&#8243; padding_bottom=\u00bb120&#8243; margin_top=\u00bb0&#8243; margin_bottom=\u00bb0&#8243; bg_image=\u00bb15480&#8243;][vc_column][\/vc_column][\/vc_row][vc_row el_id=\u00bbSarreraNDTLab\u00bb padding_top=\u00bb\u00bb padding_bottom=\u00bb\u00bb][vc_column]<div  class=\"kleo-gap\" style=\"height:30px;line-height:30px;\"><\/div>[vc_custom_heading text=\u00bb<strong> PUERTAS ABIERTAS de GOIERRI ESKOLA<\/strong>\u00bb font_container=\u00bbtag:h2|text_align:center\u00bb google_fonts=\u00bbfont_family:Raleway%3A100%2C200%2C300%2Cregular%2C500%2C600%2C700%2C800%2C900|font_style:400%20regular%3A400%3Anormal\u00bb]<div  class=\"kleo-gap\" style=\"height:30px;line-height:30px;\"><\/div>\n\t<div  class=\"hr-title hr-long hr-center\" style=\"\"><abbr><i class=\"icon-asterisk\"><\/i> <\/abbr><\/div>[vc_column_text]<\/p>\n<p style=\"text-align: center; font-size: 24px;\"><strong>Fechas de PUERTAS ABIERTAS de GOIERRI ESKOLA para el curso 26\/27<\/strong><\/p>\n<p style=\"text-align: center; font-size: 16px;\">En las jornadas de puertas abiertas, podr\u00e1s conocer nuestra oferta acad\u00e9mica<\/p>\n<p style=\"text-align: center; font-size: 16px;\">en Bachillerato y Formaci\u00f3n profesional, de cara al curso 26\/27.<\/p>\n<p style=\"text-align: center; font-size: 16px;\">\u00a1Guarda las fechas en tu agenda!<\/p>\n<p>[\/vc_column_text]\n\t<div  class=\"hr-title hr-long hr-center\" style=\"\"><abbr><i class=\"icon-asterisk\"><\/i> <\/abbr><\/div><div  class=\"kleo-gap\" style=\"height:30px;line-height:30px;\"><\/div>[\/vc_column][\/vc_row][vc_row el_id=\u00bbENDgoierrieskolanEU\u00bb section_type=\u00bbalternate\u00bb padding_top=\u00bb\u00bb padding_bottom=\u00bb\u00bb][vc_column width=\u00bb1\/2&#8243;]<div  class=\"kleo-gap\" style=\"height:30px;line-height:30px;\"><\/div>[vc_cta h2=\u00bbBACHILLERATO\u00bb h2_font_container=\u00bbcolor:%230066bf\u00bb h2_google_fonts=\u00bbfont_family:Raleway%3A100%2C200%2C300%2Cregular%2C500%2C600%2C700%2C800%2C900|font_style:600%20bold%20regular%3A600%3Anormal\u00bb h4=\u00bb<strong>14 de marzo de 2026 <\/strong>(a las 10:00h)\u00bb h4_font_container=\u00bbcolor:%23000000&#8243; h4_google_fonts=\u00bbfont_family:Raleway%3A100%2C200%2C300%2Cregular%2C500%2C600%2C700%2C800%2C900|font_style:400%20regular%3A400%3Anormal\u00bb txt_align=\u00bbcenter\u00bb color=\u00bbwhite\u00bb el_width=\u00bblg\u00bb add_button=\u00bbbottom\u00bb btn_title=\u00bbEman izena!\u00bb btn_style=\u00bbcustom\u00bb btn_custom_background=\u00bb#0367bf\u00bb btn_custom_text=\u00bb#ffffff\u00bb btn_shape=\u00bbround\u00bb btn_align=\u00bbcenter\u00bb btn_css_animation=\u00bbbounceIn\u00bb use_custom_fonts_h2=\u00bbtrue\u00bb use_custom_fonts_h4=\u00bbtrue\u00bb btn_link=\u00bburl:https%3A%2F%2Fforms.office.com%2FPages%2FResponsePage.aspx%3Fid%3DLyfcUNkG7kaqGbvt3VMR6estU7SxQRxEjrp37-VqbLNUNElSU0g4NlJHQzBYSTIwUTBMMk8xNkdRSyQlQCN0PWcu%26lang%3Des||target:%20_blank|\u00bb css=\u00bb.vc_custom_1768996500648{background-color: #b6f0f9 !important;}\u00bb][\/vc_cta]<div  class=\"kleo-gap\" style=\"height:30px;line-height:30px;\"><\/div>[\/vc_column][vc_column width=\u00bb1\/2&#8243;]<div  class=\"kleo-gap\" style=\"height:30px;line-height:30px;\"><\/div>[vc_cta h2=\u00bbFORMACI\u00d3N PROFESIONAL\u00bb h2_font_container=\u00bbcolor:%230066bf\u00bb h2_google_fonts=\u00bbfont_family:Raleway%3A100%2C200%2C300%2Cregular%2C500%2C600%2C700%2C800%2C900|font_style:600%20bold%20regular%3A600%3Anormal\u00bb h4=\u00bb<strong>25 de abril del 2026<\/strong> (a las 10:00h)\u00bb h4_font_container=\u00bbcolor:%23000000&#8243; h4_google_fonts=\u00bbfont_family:Raleway%3A100%2C200%2C300%2Cregular%2C500%2C600%2C700%2C800%2C900|font_style:400%20regular%3A400%3Anormal\u00bb txt_align=\u00bbcenter\u00bb color=\u00bbwhite\u00bb el_width=\u00bblg\u00bb add_button=\u00bbbottom\u00bb btn_title=\u00bbEman izena!\u00bb btn_style=\u00bbcustom\u00bb btn_custom_background=\u00bb#0367bf\u00bb btn_custom_text=\u00bb#ffffff\u00bb btn_shape=\u00bbround\u00bb btn_align=\u00bbcenter\u00bb btn_css_animation=\u00bbbounceIn\u00bb use_custom_fonts_h2=\u00bbtrue\u00bb use_custom_fonts_h4=\u00bbtrue\u00bb btn_link=\u00bburl:https%3A%2F%2Fforms.office.com%2FPages%2FResponsePage.aspx%3Fid%3DLyfcUNkG7kaqGbvt3VMR6estU7SxQRxEjrp37-VqbLNUNElSU0g4NlJHQzBYSTIwUTBMMk8xNkdRSyQlQCN0PWcu%26lang%3Des|||\u00bb css=\u00bb.vc_custom_1768996997852{background-color: #b6f0f9 !important;}\u00bb][\/vc_cta]<div  class=\"kleo-gap\" style=\"height:30px;line-height:30px;\"><\/div>[\/vc_column][\/vc_row][vc_row el_id=\u00bbIkastaroakNDTLab\u00bb padding_top=\u00bb\u00bb padding_bottom=\u00bb\u00bb][vc_column]<div  class=\"kleo-gap\" style=\"height:30px;line-height:30px;\"><\/div>\n\t<div  class=\"hr-title hr-long hr-center\" style=\"\"><abbr><i class=\"icon-asterisk\"><\/i> <\/abbr><\/div><div  class=\"kleo-gap\" style=\"height:30px;line-height:30px;\"><\/div>[\/vc_column][\/vc_row][vc_row el_id=\u00bbKontaktuaNDTLab\u00bb section_type=\u00bbalternate\u00bb padding_top=\u00bb\u00bb padding_bottom=\u00bb\u00bb][vc_column width=\u00bb1\/4&#8243;][\/vc_column][vc_column width=\u00bb1\/2&#8243;]<div  class=\"kleo-gap\" style=\"height:30px;line-height:30px;\"><\/div>[vc_custom_heading text=\u00bbZalantzaren bat ba al duzu? \u00bb font_container=\u00bbtag:h3|text_align:center|color:%23ffffff\u00bb google_fonts=\u00bbfont_family:Raleway%3A100%2C200%2C300%2Cregular%2C500%2C600%2C700%2C800%2C900|font_style:400%20regular%3A400%3Anormal\u00bb css=\u00bb.vc_custom_1768989656390{background-color: #0066bf !important;}\u00bb]<div  class=\"kleo-gap\" style=\"height:30px;line-height:30px;\"><\/div>\n<div class=\"wpcf7 no-js\" id=\"wpcf7-f19310-o1\" lang=\"es-ES\" dir=\"ltr\" data-wpcf7-id=\"19310\">\n<div class=\"screen-reader-response\"><p role=\"status\" aria-live=\"polite\" aria-atomic=\"true\"><\/p> <ul><\/ul><\/div>\n<form action=\"\/es\/wp-json\/wp\/v2\/pages\/19331#wpcf7-f19310-o1\" method=\"post\" class=\"wpcf7-form init\" aria-label=\"Formulario de contacto\" novalidate=\"novalidate\" data-status=\"init\">\n<fieldset class=\"hidden-fields-container\"><input type=\"hidden\" name=\"_wpcf7\" value=\"19310\" \/><input type=\"hidden\" name=\"_wpcf7_version\" value=\"6.1.5\" \/><input type=\"hidden\" name=\"_wpcf7_locale\" value=\"es_ES\" \/><input type=\"hidden\" name=\"_wpcf7_unit_tag\" value=\"wpcf7-f19310-o1\" \/><input type=\"hidden\" name=\"_wpcf7_container_post\" value=\"0\" \/><input type=\"hidden\" name=\"_wpcf7_posted_data_hash\" value=\"\" \/><input type=\"hidden\" name=\"_wpcf7_recaptcha_response\" value=\"\" \/>\n<\/fieldset>\n<p>Izena\/Nombre (*)\n<\/p>\n<p><span class=\"wpcf7-form-control-wrap\" data-name=\"your-name\"><input size=\"40\" maxlength=\"400\" class=\"wpcf7-form-control wpcf7-text wpcf7-validates-as-required\" aria-required=\"true\" aria-invalid=\"false\" value=\"\" type=\"text\" name=\"your-name\" \/><\/span>\n<\/p>\n<p>Zure email-a\/Su email (*)\n<\/p>\n<p><span class=\"wpcf7-form-control-wrap\" data-name=\"your-email\"><input size=\"40\" maxlength=\"400\" class=\"wpcf7-form-control wpcf7-email wpcf7-validates-as-required wpcf7-text wpcf7-validates-as-email\" aria-required=\"true\" aria-invalid=\"false\" value=\"\" type=\"email\" name=\"your-email\" \/><\/span>\n<\/p>\n<p>Gaia\/Asunto\n<\/p>\n<p><span class=\"wpcf7-form-control-wrap\" data-name=\"your-subject\"><input size=\"40\" maxlength=\"400\" class=\"wpcf7-form-control wpcf7-text\" aria-invalid=\"false\" value=\"\" type=\"text\" name=\"your-subject\" \/><\/span>\n<\/p>\n<p>Zure mezua\/Su mensaje\n<\/p>\n<p><span class=\"wpcf7-form-control-wrap\" data-name=\"your-message\"><textarea cols=\"40\" rows=\"10\" maxlength=\"2000\" class=\"wpcf7-form-control wpcf7-textarea\" aria-invalid=\"false\" name=\"your-message\"><\/textarea><\/span>\n<\/p>\n<p><span class=\"wpcf7-form-control-wrap\" data-name=\"acceptance-715\"><span class=\"wpcf7-form-control wpcf7-acceptance\"><span class=\"wpcf7-list-item\"><label><input type=\"checkbox\" name=\"acceptance-715\" value=\"1\" aria-invalid=\"false\" \/><span class=\"wpcf7-list-item-label\">Pribatutasun-politika irakurri eta onartzen dut \/ He le\u00eddo y acepto la <a href=\"https:\/\/www.goierrieskola.eus\/es\/politica-de-privacidad\/\" rel=\"nofollow\" target=\"_blank\"> pol\u00edtica de privacidad<\/a><\/span><\/label><\/span><\/span><\/span>\n<\/p>\n<p><input class=\"wpcf7-form-control wpcf7-submit has-spinner\" type=\"submit\" value=\"Bidali-Enviar\" \/>\n<\/p><div class=\"wpcf7-response-output\" aria-hidden=\"true\"><\/div>\n<\/form>\n<\/div>\n<div  class=\"kleo-gap\" style=\"height:30px;line-height:30px;\"><\/div><div class=\"text-center\"><a class=\"btn btn-highlight\" href=\"#ENDgoierrieskolan\">Itzuli<\/a><\/div><div  class=\"kleo-gap\" style=\"height:30px;line-height:30px;\"><\/div>[\/vc_column][vc_column width=\u00bb1\/4&#8243;][\/vc_column][\/vc_row]<\/p>\n","protected":false},"excerpt":{"rendered":"<p>[vc_row inner_container=\u00bbno\u00bb type=\u00bbimage\u00bb bg_position=\u00bbcenter\u00bb bg_position_horizontal=\u00bbcenter\u00bb bg_attachment=\u00bbtrue\u00bb padding_top=\u00bb60&#8243; padding_bottom=\u00bb120&#8243; margin_top=\u00bb0&#8243; margin_bottom=\u00bb0&#8243; bg_image=\u00bb15480&#8243;][vc_column][\/vc_column][\/vc_row][vc_row el_id=\u00bbSarreraNDTLab\u00bb padding_top=\u00bb\u00bb padding_bottom=\u00bb\u00bb][vc_column][vc_custom_heading text=\u00bb PUERTAS ABIERTAS de GOIERRI ESKOLA\u00bb font_container=\u00bbtag:h2|text_align:center\u00bb google_fonts=\u00bbfont_family:Raleway%3A100%2C200%2C300%2Cregular%2C500%2C600%2C700%2C800%2C900|font_style:400%20regular%3A400%3Anormal\u00bb][vc_column_text] Fechas de PUERTAS ABIERTAS de GOIERRI ESKOLA para el curso 26\/27 En las jornadas de puertas abiertas, podr\u00e1s conocer nuestra oferta acad\u00e9mica en Bachillerato y Formaci\u00f3n profesional, de cara al curso 26\/27. \u00a1Guarda las fechas en tu agenda! [&hellip;]<\/p>\n","protected":false},"author":3,"featured_media":0,"parent":0,"menu_order":0,"comment_status":"closed","ping_status":"closed","template":"","meta":{"footnotes":""},"class_list":["post-19331","page","type-page","status-publish","hentry"],"yoast_head":"<!-- This site is optimized with the Yoast SEO plugin v27.3 - https:\/\/yoast.com\/product\/yoast-seo-wordpress\/ -->\n<title>Puertas Abiertas - Goierri Eskola<\/title>\n<meta name=\"robots\" content=\"index, follow, max-snippet:-1, max-image-preview:large, max-video-preview:-1\" \/>\n<link rel=\"canonical\" href=\"https:\/\/www.goierrieskola.eus\/es\/puertas-abiertas\/\" \/>\n<meta property=\"og:locale\" content=\"es_ES\" \/>\n<meta property=\"og:type\" content=\"article\" \/>\n<meta property=\"og:title\" content=\"Puertas Abiertas - Goierri Eskola\" \/>\n<meta property=\"og:description\" content=\"[vc_row inner_container=\u00bbno\u00bb type=\u00bbimage\u00bb bg_position=\u00bbcenter\u00bb bg_position_horizontal=\u00bbcenter\u00bb bg_attachment=\u00bbtrue\u00bb padding_top=\u00bb60&#8243; padding_bottom=\u00bb120&#8243; margin_top=\u00bb0&#8243; margin_bottom=\u00bb0&#8243; bg_image=\u00bb15480&#8243;][vc_column][\/vc_column][\/vc_row][vc_row el_id=\u00bbSarreraNDTLab\u00bb padding_top=\u00bb\u00bb padding_bottom=\u00bb\u00bb][vc_column][vc_custom_heading text=\u00bb PUERTAS ABIERTAS de GOIERRI ESKOLA\u00bb font_container=\u00bbtag:h2|text_align:center\u00bb google_fonts=\u00bbfont_family:Raleway%3A100%2C200%2C300%2Cregular%2C500%2C600%2C700%2C800%2C900|font_style:400%20regular%3A400%3Anormal\u00bb][vc_column_text] Fechas de PUERTAS ABIERTAS de GOIERRI ESKOLA para el curso 26\/27 En las jornadas de puertas abiertas, podr\u00e1s conocer nuestra oferta acad\u00e9mica en Bachillerato y Formaci\u00f3n profesional, de cara al curso 26\/27. \u00a1Guarda las fechas en tu agenda! [&hellip;]\" \/>\n<meta property=\"og:url\" content=\"https:\/\/www.goierrieskola.eus\/es\/puertas-abiertas\/\" \/>\n<meta property=\"og:site_name\" content=\"Goierri Eskola\" \/>\n<meta property=\"article:publisher\" content=\"https:\/\/www.facebook.com\/goierrieskola\" \/>\n<meta property=\"article:modified_time\" content=\"2026-01-21T12:03:33+00:00\" \/>\n<meta name=\"twitter:card\" content=\"summary_large_image\" \/>\n<meta name=\"twitter:site\" content=\"@Goierrieskola1\" \/>\n<meta name=\"twitter:label1\" content=\"Tiempo de lectura\" \/>\n\t<meta name=\"twitter:data1\" content=\"1 minuto\" \/>\n<script type=\"application\/ld+json\" class=\"yoast-schema-graph\">{\"@context\":\"https:\\\/\\\/schema.org\",\"@graph\":[{\"@type\":\"WebPage\",\"@id\":\"https:\\\/\\\/www.goierrieskola.eus\\\/es\\\/puertas-abiertas\\\/\",\"url\":\"https:\\\/\\\/www.goierrieskola.eus\\\/es\\\/puertas-abiertas\\\/\",\"name\":\"Puertas Abiertas - Goierri Eskola\",\"isPartOf\":{\"@id\":\"https:\\\/\\\/www.goierrieskola.eus\\\/#website\"},\"datePublished\":\"2026-01-21T11:43:15+00:00\",\"dateModified\":\"2026-01-21T12:03:33+00:00\",\"breadcrumb\":{\"@id\":\"https:\\\/\\\/www.goierrieskola.eus\\\/es\\\/puertas-abiertas\\\/#breadcrumb\"},\"inLanguage\":\"es\",\"potentialAction\":[{\"@type\":\"ReadAction\",\"target\":[\"https:\\\/\\\/www.goierrieskola.eus\\\/es\\\/puertas-abiertas\\\/\"]}]},{\"@type\":\"BreadcrumbList\",\"@id\":\"https:\\\/\\\/www.goierrieskola.eus\\\/es\\\/puertas-abiertas\\\/#breadcrumb\",\"itemListElement\":[{\"@type\":\"ListItem\",\"position\":1,\"name\":\"Portada\",\"item\":\"https:\\\/\\\/www.goierrieskola.eus\\\/es\\\/\"},{\"@type\":\"ListItem\",\"position\":2,\"name\":\"Puertas Abiertas\"}]},{\"@type\":\"WebSite\",\"@id\":\"https:\\\/\\\/www.goierrieskola.eus\\\/#website\",\"url\":\"https:\\\/\\\/www.goierrieskola.eus\\\/\",\"name\":\"Goierri Eskola\",\"description\":\"La Web de tu Escuela\",\"publisher\":{\"@id\":\"https:\\\/\\\/www.goierrieskola.eus\\\/#organization\"},\"potentialAction\":[{\"@type\":\"SearchAction\",\"target\":{\"@type\":\"EntryPoint\",\"urlTemplate\":\"https:\\\/\\\/www.goierrieskola.eus\\\/?s={search_term_string}\"},\"query-input\":{\"@type\":\"PropertyValueSpecification\",\"valueRequired\":true,\"valueName\":\"search_term_string\"}}],\"inLanguage\":\"es\"},{\"@type\":\"Organization\",\"@id\":\"https:\\\/\\\/www.goierrieskola.eus\\\/#organization\",\"name\":\"Goierri Eskola\",\"url\":\"https:\\\/\\\/www.goierrieskola.eus\\\/\",\"logo\":{\"@type\":\"ImageObject\",\"inLanguage\":\"es\",\"@id\":\"https:\\\/\\\/www.goierrieskola.eus\\\/#\\\/schema\\\/logo\\\/image\\\/\",\"url\":\"https:\\\/\\\/www.goierrieskola.eus\\\/wp-content\\\/uploads\\\/2014\\\/11\\\/Logo_color.jpg\",\"contentUrl\":\"https:\\\/\\\/www.goierrieskola.eus\\\/wp-content\\\/uploads\\\/2014\\\/11\\\/Logo_color.jpg\",\"width\":227,\"height\":88,\"caption\":\"Goierri Eskola\"},\"image\":{\"@id\":\"https:\\\/\\\/www.goierrieskola.eus\\\/#\\\/schema\\\/logo\\\/image\\\/\"},\"sameAs\":[\"https:\\\/\\\/www.facebook.com\\\/goierrieskola\",\"https:\\\/\\\/x.com\\\/Goierrieskola1\"]}]}<\/script>\n<!-- \/ Yoast SEO plugin. -->","yoast_head_json":{"title":"Puertas Abiertas - Goierri Eskola","robots":{"index":"index","follow":"follow","max-snippet":"max-snippet:-1","max-image-preview":"max-image-preview:large","max-video-preview":"max-video-preview:-1"},"canonical":"https:\/\/www.goierrieskola.eus\/es\/puertas-abiertas\/","og_locale":"es_ES","og_type":"article","og_title":"Puertas Abiertas - Goierri Eskola","og_description":"[vc_row inner_container=\u00bbno\u00bb type=\u00bbimage\u00bb bg_position=\u00bbcenter\u00bb bg_position_horizontal=\u00bbcenter\u00bb bg_attachment=\u00bbtrue\u00bb padding_top=\u00bb60&#8243; padding_bottom=\u00bb120&#8243; margin_top=\u00bb0&#8243; margin_bottom=\u00bb0&#8243; bg_image=\u00bb15480&#8243;][vc_column][\/vc_column][\/vc_row][vc_row el_id=\u00bbSarreraNDTLab\u00bb padding_top=\u00bb\u00bb padding_bottom=\u00bb\u00bb][vc_column][vc_custom_heading text=\u00bb PUERTAS ABIERTAS de GOIERRI ESKOLA\u00bb font_container=\u00bbtag:h2|text_align:center\u00bb google_fonts=\u00bbfont_family:Raleway%3A100%2C200%2C300%2Cregular%2C500%2C600%2C700%2C800%2C900|font_style:400%20regular%3A400%3Anormal\u00bb][vc_column_text] Fechas de PUERTAS ABIERTAS de GOIERRI ESKOLA para el curso 26\/27 En las jornadas de puertas abiertas, podr\u00e1s conocer nuestra oferta acad\u00e9mica en Bachillerato y Formaci\u00f3n profesional, de cara al curso 26\/27. \u00a1Guarda las fechas en tu agenda! [&hellip;]","og_url":"https:\/\/www.goierrieskola.eus\/es\/puertas-abiertas\/","og_site_name":"Goierri Eskola","article_publisher":"https:\/\/www.facebook.com\/goierrieskola","article_modified_time":"2026-01-21T12:03:33+00:00","twitter_card":"summary_large_image","twitter_site":"@Goierrieskola1","twitter_misc":{"Tiempo de lectura":"1 minuto"},"schema":{"@context":"https:\/\/schema.org","@graph":[{"@type":"WebPage","@id":"https:\/\/www.goierrieskola.eus\/es\/puertas-abiertas\/","url":"https:\/\/www.goierrieskola.eus\/es\/puertas-abiertas\/","name":"Puertas Abiertas - Goierri Eskola","isPartOf":{"@id":"https:\/\/www.goierrieskola.eus\/#website"},"datePublished":"2026-01-21T11:43:15+00:00","dateModified":"2026-01-21T12:03:33+00:00","breadcrumb":{"@id":"https:\/\/www.goierrieskola.eus\/es\/puertas-abiertas\/#breadcrumb"},"inLanguage":"es","potentialAction":[{"@type":"ReadAction","target":["https:\/\/www.goierrieskola.eus\/es\/puertas-abiertas\/"]}]},{"@type":"BreadcrumbList","@id":"https:\/\/www.goierrieskola.eus\/es\/puertas-abiertas\/#breadcrumb","itemListElement":[{"@type":"ListItem","position":1,"name":"Portada","item":"https:\/\/www.goierrieskola.eus\/es\/"},{"@type":"ListItem","position":2,"name":"Puertas Abiertas"}]},{"@type":"WebSite","@id":"https:\/\/www.goierrieskola.eus\/#website","url":"https:\/\/www.goierrieskola.eus\/","name":"Goierri Eskola","description":"La Web de tu Escuela","publisher":{"@id":"https:\/\/www.goierrieskola.eus\/#organization"},"potentialAction":[{"@type":"SearchAction","target":{"@type":"EntryPoint","urlTemplate":"https:\/\/www.goierrieskola.eus\/?s={search_term_string}"},"query-input":{"@type":"PropertyValueSpecification","valueRequired":true,"valueName":"search_term_string"}}],"inLanguage":"es"},{"@type":"Organization","@id":"https:\/\/www.goierrieskola.eus\/#organization","name":"Goierri Eskola","url":"https:\/\/www.goierrieskola.eus\/","logo":{"@type":"ImageObject","inLanguage":"es","@id":"https:\/\/www.goierrieskola.eus\/#\/schema\/logo\/image\/","url":"https:\/\/www.goierrieskola.eus\/wp-content\/uploads\/2014\/11\/Logo_color.jpg","contentUrl":"https:\/\/www.goierrieskola.eus\/wp-content\/uploads\/2014\/11\/Logo_color.jpg","width":227,"height":88,"caption":"Goierri Eskola"},"image":{"@id":"https:\/\/www.goierrieskola.eus\/#\/schema\/logo\/image\/"},"sameAs":["https:\/\/www.facebook.com\/goierrieskola","https:\/\/x.com\/Goierrieskola1"]}]}},"_links":{"self":[{"href":"https:\/\/www.goierrieskola.eus\/es\/wp-json\/wp\/v2\/pages\/19331","targetHints":{"allow":["GET"]}}],"collection":[{"href":"https:\/\/www.goierrieskola.eus\/es\/wp-json\/wp\/v2\/pages"}],"about":[{"href":"https:\/\/www.goierrieskola.eus\/es\/wp-json\/wp\/v2\/types\/page"}],"author":[{"embeddable":true,"href":"https:\/\/www.goierrieskola.eus\/es\/wp-json\/wp\/v2\/users\/3"}],"replies":[{"embeddable":true,"href":"https:\/\/www.goierrieskola.eus\/es\/wp-json\/wp\/v2\/comments?post=19331"}],"version-history":[{"count":4,"href":"https:\/\/www.goierrieskola.eus\/es\/wp-json\/wp\/v2\/pages\/19331\/revisions"}],"predecessor-version":[{"id":19335,"href":"https:\/\/www.goierrieskola.eus\/es\/wp-json\/wp\/v2\/pages\/19331\/revisions\/19335"}],"wp:attachment":[{"href":"https:\/\/www.goierrieskola.eus\/es\/wp-json\/wp\/v2\/media?parent=19331"}],"curies":[{"name":"wp","href":"https:\/\/api.w.org\/{rel}","templated":true}]}}