{"id":2769,"date":"2014-09-23T00:58:44","date_gmt":"2014-09-23T00:58:44","guid":{"rendered":"http:\/\/seventhqueen.com\/demo\/kleo\/?page_id=2769"},"modified":"2024-11-15T12:43:13","modified_gmt":"2024-11-15T12:43:13","slug":"home","status":"publish","type":"page","link":"https:\/\/www.goierrieskola.eus\/es\/","title":{"rendered":"Home"},"content":{"rendered":"<p>[vc_row inner_container=\u00bbno\u00bb padding_top=\u00bb0&#8243; padding_bottom=\u00bb0&#8243;][vc_column][rev_slider_vc alias=\u00bbelearning_homepage\u00bb][\/vc_column][\/vc_row][vc_row text_align=\u00bbcenter\u00bb padding_top=\u00bb20&#8243; padding_bottom=\u00bb20&#8243; visibility=\u00bbhidden-xs\u00bb][vc_column][\/vc_column][\/vc_row][vc_row text_align=\u00bbcenter\u00bb section_type=\u00bbalternate\u00bb padding_top=\u00bb20&#8243; padding_bottom=\u00bb20&#8243; border=\u00bball\u00bb visibility=\u00bbhidden-xs\u00bb][vc_column][vc_custom_heading text=\u00bbGoierri Eskola\u00bb font_container=\u00bbtag:h1|font_size:60|text_align:center\u00bb google_fonts=\u00bbfont_family:Raleway%3A100%2C200%2C300%2Cregular%2C500%2C600%2C700%2C800%2C900|font_style:300%20light%20regular%3A300%3Anormal\u00bb][vc_custom_heading text=\u00bbInnovating vocational studies\u00bb font_container=\u00bbtag:p|font_size:20|text_align:center\u00bb google_fonts=\u00bbfont_family:Raleway%3A100%2C200%2C300%2Cregular%2C500%2C600%2C700%2C800%2C900|font_style:200%20light%20regular%3A200%3Anormal\u00bb][\/vc_column][\/vc_row][vc_row text_align=\u00bbcenter\u00bb vertical_align=\u00bbyes\u00bb border=\u00bbbottom\u00bb][vc_column width=\u00bb1\/2&#8243;][vc_single_image image=\u00bb6931&#8243; img_size=\u00bblarge\u00bb alignment=\u00bbcenter\u00bb style=\u00bbvc_box_shadow_3d\u00bb animation=\u00bbanimate-when-almost-visible\u00bb][\/vc_column][vc_column width=\u00bb1\/2&#8243;][vc_custom_heading text=\u00bbConoce Goierri Eskola\u00bb font_container=\u00bbtag:h2|font_size:36px|text_align:center|line_height:42px\u00bb google_fonts=\u00bbfont_family:Raleway%3A100%2C200%2C300%2Cregular%2C500%2C600%2C700%2C800%2C900|font_style:300%20light%20regular%3A300%3Anormal\u00bb][vc_column_text el_class=\u00bbtextoIndependiente\u00bb]<\/p>\n<p>Creada por y para la sociedad, con las personas como objetivo, <strong>somos<\/strong> una instituci\u00f3n <strong>euskaldun<\/strong>, <strong>plural<\/strong> y <strong>participativa<\/strong>, situada en el Polo de Innovaci\u00f3n Goierri.<\/p>\n<p>[\/vc_column_text]<div  class=\"kleo-gap\" style=\"height:10px;line-height:10px;\"><\/div><a class=\"btn btn-highlight btn-lg\" href=\"\/es\/goierri-eskola\">Conocer m\u00e1s<\/a>[\/vc_column][\/vc_row][vc_row text_align=\u00bbcenter\u00bb section_type=\u00bbalternate\u00bb vertical_align=\u00bbyes\u00bb border=\u00bbbottom\u00bb][vc_column width=\u00bb1\/2&#8243;][vc_custom_heading text=\u00bbNuestra oferta educativa\u00bb font_container=\u00bbtag:h2|font_size:36px|text_align:center|line_height:42px\u00bb google_fonts=\u00bbfont_family:Raleway%3A100%2C200%2C300%2Cregular%2C500%2C600%2C700%2C800%2C900|font_style:300%20light%20regular%3A300%3Anormal\u00bb][vc_column_text el_class=\u00bbtextoIndependiente\u00bb]<\/p>\n<p>Nuestra oferta est\u00e1 dise\u00f1ada con las empresas y los agentes que representan la sociedad. Adem\u00e1s de conocimientos t\u00e9cnicos trabajamos una formaci\u00f3n integral: <strong>educamos personas<\/strong> y <strong>desarrollamos profesionales<\/strong>.<\/p>\n<p>[\/vc_column_text]<div  class=\"kleo-gap\" style=\"height:10px;line-height:10px;\"><\/div><a class=\"btn btn-highlight btn-lg\" href=\"\/es\/oferta_educativa\">Conoce nuestra oferta educativa<\/a><div  class=\"kleo-gap\" style=\"height:10px;line-height:10px;\"><\/div>[\/vc_column][vc_column width=\u00bb1\/2&#8243;][vc_single_image image=\u00bb6941&#8243; img_size=\u00bblarge\u00bb alignment=\u00bbcenter\u00bb style=\u00bbvc_box_shadow_3d\u00bb animation=\u00bbanimate-when-almost-visible\u00bb css_animation=\u00bbleft-to-right\u00bb][\/vc_column][\/vc_row][vc_row el_id=\u00bbformacion-para-el-empleo\u00bb text_align=\u00bbcenter\u00bb vertical_align=\u00bbyes\u00bb border=\u00bbbottom\u00bb][vc_column width=\u00bb1\/2&#8243;][vc_single_image image=\u00bb16104&#8243; img_size=\u00bblarge\u00bb alignment=\u00bbcenter\u00bb style=\u00bbvc_box_shadow_3d\u00bb animation=\u00bbanimate-when-almost-visible\u00bb css_animation=\u00bbel-appear\u00bb]<div  class=\"kleo-gap\" style=\"height:50px;line-height:50px;\"><\/div>[vc_single_image image=\u00bb9376&#8243; img_size=\u00bbmedium\u00bb alignment=\u00bbcenter\u00bb][\/vc_column][vc_column width=\u00bb1\/2&#8243;][vc_custom_heading text=\u00bbFormaci\u00f3n para el empleo\u00bb font_container=\u00bbtag:h2|font_size:36px|text_align:center|line_height:42px\u00bb google_fonts=\u00bbfont_family:Raleway%3A100%2C200%2C300%2Cregular%2C500%2C600%2C700%2C800%2C900|font_style:300%20light%20regular%3A300%3Anormal\u00bb][vc_column_text el_class=\u00bbtextoIndependiente\u00bb]\u00c9sta es la bater\u00eda de cursos que Goierri Eskola oferta a las personas tanto en activo como en desempleo que quieran ampliar o desarrollar m\u00e1s sus conocimientos. Los <strong>cursos gratuitos<\/strong> son financiados mediante programas de LANBIDE.[\/vc_column_text]<div  class=\"kleo-gap\" style=\"height:10px;line-height:10px;\"><\/div>\n\t<div class=\"kleo-tabs tabbable\" data-interval=\"0\">\n\t\t\t<ul class=\"nav nav-tabs responsive-tabs tabs-style-line tabs-centered\"><li class=\"active\"><a href=\"#tab-1731673258917-9\" data-toggle=\"tab\" onclick=\"return false;\">TRABAJADORES<\/a><\/li><li><a href=\"#tab-1731673258962-9\" data-toggle=\"tab\" onclick=\"return false;\">DESEMPLEADOS<\/a><\/li><\/ul>\n<div class=\"tab-content\">\n\t\t\t\n\t\t\t<div id=\"tab-1731673258917-9\" class=\"tab-pane active\">\n\t\t\t\t<a class=\"btn btn-highlight btn-lg btn-subtext\" href=\"https:\/\/ikastaroak.goierrieskola.eus\/indice\/convocatoria\/15\" target=\"_blank\">Cursos cortos<small>TRABAJADORES<\/small><\/a>\n\t\t\t<\/div> \n\t\t\t<div id=\"tab-1731673258962-9\" class=\"tab-pane\">\n\t\t\t\t<a class=\"btn btn-highlight btn-lg btn-subtext\" href=\"https:\/\/drive.google.com\/file\/d\/1hjgAH-QyTiJFm4No-g5GeaVLISomH8-O\/view?usp=drive_link\" target=\"_blank\">CAT\u00c1LOGO<small>para Desempleados<\/small><\/a>[vc_column_text el_class=\u00bbtextoIndependiente\u00bb]Consulte aqu\u00ed la plataforma de cursos que oferta Goierri Eskola.[\/vc_column_text]<a class=\"btn btn-highlight btn-subtext\" href=\"https:\/\/ikastaroak.goierrieskola.eus\/indice\/convocatoria\/17\" target=\"_blank\">Plataforma de cursos<small>para Desempleados<\/small><\/a>\n\t\t\t<\/div> <\/div>\n\t<\/div> <div  class=\"kleo-gap\" style=\"height:50px;line-height:50px;\"><\/div>[\/vc_column][\/vc_row][vc_row text_align=\u00bbcenter\u00bb section_type=\u00bbalternate\u00bb vertical_align=\u00bbyes\u00bb border=\u00bbbottom\u00bb][vc_column width=\u00bb1\/2&#8243;][vc_custom_heading text=\u00bbAlumnos\/as y familias\u00bb font_container=\u00bbtag:h2|font_size:36px|text_align:center|line_height:42px\u00bb google_fonts=\u00bbfont_family:Raleway%3A100%2C200%2C300%2Cregular%2C500%2C600%2C700%2C800%2C900|font_style:300%20light%20regular%3A300%3Anormal\u00bb][vc_column_text el_class=\u00bbtextoIndependiente\u00bb]<\/p>\n<p>Una de las se\u00f1as de identidad de Goierri Eskola es desde siempre la <strong>cercan\u00eda con el alumnado y sus familias<\/strong>. Esta secci\u00f3n re\u00fane los distintos canales de comunicaci\u00f3n habilitados para ello.<\/p>\n<p>[\/vc_column_text]<div  class=\"kleo-gap\" style=\"height:10px;line-height:10px;\"><\/div><a class=\"btn btn-highlight btn-lg\" href=\"\/es\/alumnos y familias\">Ver m\u00e1s<\/a><div  class=\"kleo-gap\" style=\"height:10px;line-height:10px;\"><\/div>[\/vc_column][vc_column width=\u00bb1\/2&#8243;][vc_single_image image=\u00bb6521&#8243; img_size=\u00bblarge\u00bb alignment=\u00bbcenter\u00bb style=\u00bbvc_box_shadow_3d\u00bb animation=\u00bbanimate-when-almost-visible\u00bb css_animation=\u00bbbottom-to-top\u00bb][\/vc_column][\/vc_row][vc_row text_align=\u00bbcenter\u00bb vertical_align=\u00bbyes\u00bb border=\u00bbbottom\u00bb][vc_column width=\u00bb1\/2&#8243;][vc_single_image image=\u00bb6792&#8243; img_size=\u00bblarge\u00bb alignment=\u00bbcenter\u00bb style=\u00bbvc_box_shadow_3d\u00bb animation=\u00bbanimate-when-almost-visible\u00bb css_animation=\u00bbel-appear\u00bb][\/vc_column][vc_column width=\u00bb1\/2&#8243;][vc_custom_heading text=\u00bbEmpresas\u00bb font_container=\u00bbtag:h2|font_size:36px|text_align:center|line_height:42px\u00bb google_fonts=\u00bbfont_family:Raleway%3A100%2C200%2C300%2Cregular%2C500%2C600%2C700%2C800%2C900|font_style:300%20light%20regular%3A300%3Anormal\u00bb][vc_column_text el_class=\u00bbtextoIndependiente\u00bb]<\/p>\n<p>Goierri Eskola es un centro que siempre ha acompa\u00f1ado a las empresas en su desarrollo aportando valor y conocimiento a las personas. En la actualidad nos corresponde, adem\u00e1s, proveerlas de otros servicios de distinta tipolog\u00eda.<\/p>\n<p>[\/vc_column_text]<div  class=\"kleo-gap\" style=\"height:10px;line-height:10px;\"><\/div><a class=\"btn btn-highlight btn-lg\" href=\"\/es\/empresas\">Ver m\u00e1s<\/a>[\/vc_column][\/vc_row]<\/p>\n","protected":false},"excerpt":{"rendered":"<p>[vc_row inner_container=\u00bbno\u00bb padding_top=\u00bb0&#8243; padding_bottom=\u00bb0&#8243;][vc_column][rev_slider_vc alias=\u00bbelearning_homepage\u00bb][\/vc_column][\/vc_row][vc_row text_align=\u00bbcenter\u00bb padding_top=\u00bb20&#8243; padding_bottom=\u00bb20&#8243; visibility=\u00bbhidden-xs\u00bb][vc_column][\/vc_column][\/vc_row][vc_row text_align=\u00bbcenter\u00bb section_type=\u00bbalternate\u00bb padding_top=\u00bb20&#8243; padding_bottom=\u00bb20&#8243; border=\u00bball\u00bb visibility=\u00bbhidden-xs\u00bb][vc_column][vc_custom_heading text=\u00bbGoierri Eskola\u00bb font_container=\u00bbtag:h1|font_size:60|text_align:center\u00bb google_fonts=\u00bbfont_family:Raleway%3A100%2C200%2C300%2Cregular%2C500%2C600%2C700%2C800%2C900|font_style:300%20light%20regular%3A300%3Anormal\u00bb][vc_custom_heading text=\u00bbInnovating vocational studies\u00bb font_container=\u00bbtag:p|font_size:20|text_align:center\u00bb google_fonts=\u00bbfont_family:Raleway%3A100%2C200%2C300%2Cregular%2C500%2C600%2C700%2C800%2C900|font_style:200%20light%20regular%3A200%3Anormal\u00bb][\/vc_column][\/vc_row][vc_row text_align=\u00bbcenter\u00bb vertical_align=\u00bbyes\u00bb border=\u00bbbottom\u00bb][vc_column width=\u00bb1\/2&#8243;][vc_single_image image=\u00bb6931&#8243; img_size=\u00bblarge\u00bb alignment=\u00bbcenter\u00bb style=\u00bbvc_box_shadow_3d\u00bb animation=\u00bbanimate-when-almost-visible\u00bb][\/vc_column][vc_column width=\u00bb1\/2&#8243;][vc_custom_heading text=\u00bbConoce Goierri Eskola\u00bb font_container=\u00bbtag:h2|font_size:36px|text_align:center|line_height:42px\u00bb google_fonts=\u00bbfont_family:Raleway%3A100%2C200%2C300%2Cregular%2C500%2C600%2C700%2C800%2C900|font_style:300%20light%20regular%3A300%3Anormal\u00bb][vc_column_text el_class=\u00bbtextoIndependiente\u00bb] Creada por y para la sociedad, con las personas como objetivo, somos una instituci\u00f3n euskaldun, plural y participativa, situada en [&hellip;]<\/p>\n","protected":false},"author":1,"featured_media":0,"parent":0,"menu_order":0,"comment_status":"closed","ping_status":"closed","template":"page-templates\/full-width.php","meta":{"footnotes":""},"class_list":["post-2769","page","type-page","status-publish","hentry"],"yoast_head":"<!-- This site is optimized with the Yoast SEO plugin v27.3 - https:\/\/yoast.com\/product\/yoast-seo-wordpress\/ -->\n<title>Home - Goierri Eskola<\/title>\n<meta name=\"robots\" content=\"index, follow, max-snippet:-1, max-image-preview:large, max-video-preview:-1\" \/>\n<link rel=\"canonical\" href=\"https:\/\/www.goierrieskola.eus\/es\/\" \/>\n<meta property=\"og:locale\" content=\"es_ES\" \/>\n<meta property=\"og:type\" content=\"article\" \/>\n<meta property=\"og:title\" content=\"Home - Goierri Eskola\" \/>\n<meta property=\"og:description\" content=\"[vc_row inner_container=\u00bbno\u00bb padding_top=\u00bb0&#8243; padding_bottom=\u00bb0&#8243;][vc_column][rev_slider_vc alias=\u00bbelearning_homepage\u00bb][\/vc_column][\/vc_row][vc_row text_align=\u00bbcenter\u00bb padding_top=\u00bb20&#8243; padding_bottom=\u00bb20&#8243; visibility=\u00bbhidden-xs\u00bb][vc_column][\/vc_column][\/vc_row][vc_row text_align=\u00bbcenter\u00bb section_type=\u00bbalternate\u00bb padding_top=\u00bb20&#8243; padding_bottom=\u00bb20&#8243; border=\u00bball\u00bb visibility=\u00bbhidden-xs\u00bb][vc_column][vc_custom_heading text=\u00bbGoierri Eskola\u00bb font_container=\u00bbtag:h1|font_size:60|text_align:center\u00bb google_fonts=\u00bbfont_family:Raleway%3A100%2C200%2C300%2Cregular%2C500%2C600%2C700%2C800%2C900|font_style:300%20light%20regular%3A300%3Anormal\u00bb][vc_custom_heading text=\u00bbInnovating vocational studies\u00bb font_container=\u00bbtag:p|font_size:20|text_align:center\u00bb google_fonts=\u00bbfont_family:Raleway%3A100%2C200%2C300%2Cregular%2C500%2C600%2C700%2C800%2C900|font_style:200%20light%20regular%3A200%3Anormal\u00bb][\/vc_column][\/vc_row][vc_row text_align=\u00bbcenter\u00bb vertical_align=\u00bbyes\u00bb border=\u00bbbottom\u00bb][vc_column width=\u00bb1\/2&#8243;][vc_single_image image=\u00bb6931&#8243; img_size=\u00bblarge\u00bb alignment=\u00bbcenter\u00bb style=\u00bbvc_box_shadow_3d\u00bb animation=\u00bbanimate-when-almost-visible\u00bb][\/vc_column][vc_column width=\u00bb1\/2&#8243;][vc_custom_heading text=\u00bbConoce Goierri Eskola\u00bb font_container=\u00bbtag:h2|font_size:36px|text_align:center|line_height:42px\u00bb google_fonts=\u00bbfont_family:Raleway%3A100%2C200%2C300%2Cregular%2C500%2C600%2C700%2C800%2C900|font_style:300%20light%20regular%3A300%3Anormal\u00bb][vc_column_text el_class=\u00bbtextoIndependiente\u00bb] Creada por y para la sociedad, con las personas como objetivo, somos una instituci\u00f3n euskaldun, plural y participativa, situada en [&hellip;]\" \/>\n<meta property=\"og:url\" content=\"https:\/\/www.goierrieskola.eus\/es\/\" \/>\n<meta property=\"og:site_name\" content=\"Goierri Eskola\" \/>\n<meta property=\"article:publisher\" content=\"https:\/\/www.facebook.com\/goierrieskola\" \/>\n<meta property=\"article:modified_time\" content=\"2024-11-15T12:43:13+00:00\" \/>\n<meta name=\"twitter:card\" content=\"summary_large_image\" \/>\n<meta name=\"twitter:site\" content=\"@Goierrieskola1\" \/>\n<meta name=\"twitter:label1\" content=\"Tiempo de lectura\" \/>\n\t<meta name=\"twitter:data1\" content=\"2 minutos\" \/>\n<script type=\"application\/ld+json\" class=\"yoast-schema-graph\">{\"@context\":\"https:\\\/\\\/schema.org\",\"@graph\":[{\"@type\":\"WebPage\",\"@id\":\"https:\\\/\\\/www.goierrieskola.eus\\\/es\\\/\",\"url\":\"https:\\\/\\\/www.goierrieskola.eus\\\/es\\\/\",\"name\":\"Home - Goierri Eskola\",\"isPartOf\":{\"@id\":\"https:\\\/\\\/www.goierrieskola.eus\\\/#website\"},\"datePublished\":\"2014-09-23T00:58:44+00:00\",\"dateModified\":\"2024-11-15T12:43:13+00:00\",\"breadcrumb\":{\"@id\":\"https:\\\/\\\/www.goierrieskola.eus\\\/es\\\/#breadcrumb\"},\"inLanguage\":\"es\",\"potentialAction\":[{\"@type\":\"ReadAction\",\"target\":[\"https:\\\/\\\/www.goierrieskola.eus\\\/es\\\/\"]}]},{\"@type\":\"BreadcrumbList\",\"@id\":\"https:\\\/\\\/www.goierrieskola.eus\\\/es\\\/#breadcrumb\",\"itemListElement\":[{\"@type\":\"ListItem\",\"position\":1,\"name\":\"Portada\",\"item\":\"https:\\\/\\\/www.goierrieskola.eus\\\/es\\\/\"},{\"@type\":\"ListItem\",\"position\":2,\"name\":\"Home\"}]},{\"@type\":\"WebSite\",\"@id\":\"https:\\\/\\\/www.goierrieskola.eus\\\/#website\",\"url\":\"https:\\\/\\\/www.goierrieskola.eus\\\/\",\"name\":\"Goierri Eskola\",\"description\":\"La Web de tu Escuela\",\"publisher\":{\"@id\":\"https:\\\/\\\/www.goierrieskola.eus\\\/#organization\"},\"potentialAction\":[{\"@type\":\"SearchAction\",\"target\":{\"@type\":\"EntryPoint\",\"urlTemplate\":\"https:\\\/\\\/www.goierrieskola.eus\\\/?s={search_term_string}\"},\"query-input\":{\"@type\":\"PropertyValueSpecification\",\"valueRequired\":true,\"valueName\":\"search_term_string\"}}],\"inLanguage\":\"es\"},{\"@type\":\"Organization\",\"@id\":\"https:\\\/\\\/www.goierrieskola.eus\\\/#organization\",\"name\":\"Goierri Eskola\",\"url\":\"https:\\\/\\\/www.goierrieskola.eus\\\/\",\"logo\":{\"@type\":\"ImageObject\",\"inLanguage\":\"es\",\"@id\":\"https:\\\/\\\/www.goierrieskola.eus\\\/#\\\/schema\\\/logo\\\/image\\\/\",\"url\":\"https:\\\/\\\/www.goierrieskola.eus\\\/wp-content\\\/uploads\\\/2014\\\/11\\\/Logo_color.jpg\",\"contentUrl\":\"https:\\\/\\\/www.goierrieskola.eus\\\/wp-content\\\/uploads\\\/2014\\\/11\\\/Logo_color.jpg\",\"width\":227,\"height\":88,\"caption\":\"Goierri Eskola\"},\"image\":{\"@id\":\"https:\\\/\\\/www.goierrieskola.eus\\\/#\\\/schema\\\/logo\\\/image\\\/\"},\"sameAs\":[\"https:\\\/\\\/www.facebook.com\\\/goierrieskola\",\"https:\\\/\\\/x.com\\\/Goierrieskola1\"]}]}<\/script>\n<!-- \/ Yoast SEO plugin. -->","yoast_head_json":{"title":"Home - Goierri Eskola","robots":{"index":"index","follow":"follow","max-snippet":"max-snippet:-1","max-image-preview":"max-image-preview:large","max-video-preview":"max-video-preview:-1"},"canonical":"https:\/\/www.goierrieskola.eus\/es\/","og_locale":"es_ES","og_type":"article","og_title":"Home - Goierri Eskola","og_description":"[vc_row inner_container=\u00bbno\u00bb padding_top=\u00bb0&#8243; padding_bottom=\u00bb0&#8243;][vc_column][rev_slider_vc alias=\u00bbelearning_homepage\u00bb][\/vc_column][\/vc_row][vc_row text_align=\u00bbcenter\u00bb padding_top=\u00bb20&#8243; padding_bottom=\u00bb20&#8243; visibility=\u00bbhidden-xs\u00bb][vc_column][\/vc_column][\/vc_row][vc_row text_align=\u00bbcenter\u00bb section_type=\u00bbalternate\u00bb padding_top=\u00bb20&#8243; padding_bottom=\u00bb20&#8243; border=\u00bball\u00bb visibility=\u00bbhidden-xs\u00bb][vc_column][vc_custom_heading text=\u00bbGoierri Eskola\u00bb font_container=\u00bbtag:h1|font_size:60|text_align:center\u00bb google_fonts=\u00bbfont_family:Raleway%3A100%2C200%2C300%2Cregular%2C500%2C600%2C700%2C800%2C900|font_style:300%20light%20regular%3A300%3Anormal\u00bb][vc_custom_heading text=\u00bbInnovating vocational studies\u00bb font_container=\u00bbtag:p|font_size:20|text_align:center\u00bb google_fonts=\u00bbfont_family:Raleway%3A100%2C200%2C300%2Cregular%2C500%2C600%2C700%2C800%2C900|font_style:200%20light%20regular%3A200%3Anormal\u00bb][\/vc_column][\/vc_row][vc_row text_align=\u00bbcenter\u00bb vertical_align=\u00bbyes\u00bb border=\u00bbbottom\u00bb][vc_column width=\u00bb1\/2&#8243;][vc_single_image image=\u00bb6931&#8243; img_size=\u00bblarge\u00bb alignment=\u00bbcenter\u00bb style=\u00bbvc_box_shadow_3d\u00bb animation=\u00bbanimate-when-almost-visible\u00bb][\/vc_column][vc_column width=\u00bb1\/2&#8243;][vc_custom_heading text=\u00bbConoce Goierri Eskola\u00bb font_container=\u00bbtag:h2|font_size:36px|text_align:center|line_height:42px\u00bb google_fonts=\u00bbfont_family:Raleway%3A100%2C200%2C300%2Cregular%2C500%2C600%2C700%2C800%2C900|font_style:300%20light%20regular%3A300%3Anormal\u00bb][vc_column_text el_class=\u00bbtextoIndependiente\u00bb] Creada por y para la sociedad, con las personas como objetivo, somos una instituci\u00f3n euskaldun, plural y participativa, situada en [&hellip;]","og_url":"https:\/\/www.goierrieskola.eus\/es\/","og_site_name":"Goierri Eskola","article_publisher":"https:\/\/www.facebook.com\/goierrieskola","article_modified_time":"2024-11-15T12:43:13+00:00","twitter_card":"summary_large_image","twitter_site":"@Goierrieskola1","twitter_misc":{"Tiempo de lectura":"2 minutos"},"schema":{"@context":"https:\/\/schema.org","@graph":[{"@type":"WebPage","@id":"https:\/\/www.goierrieskola.eus\/es\/","url":"https:\/\/www.goierrieskola.eus\/es\/","name":"Home - Goierri Eskola","isPartOf":{"@id":"https:\/\/www.goierrieskola.eus\/#website"},"datePublished":"2014-09-23T00:58:44+00:00","dateModified":"2024-11-15T12:43:13+00:00","breadcrumb":{"@id":"https:\/\/www.goierrieskola.eus\/es\/#breadcrumb"},"inLanguage":"es","potentialAction":[{"@type":"ReadAction","target":["https:\/\/www.goierrieskola.eus\/es\/"]}]},{"@type":"BreadcrumbList","@id":"https:\/\/www.goierrieskola.eus\/es\/#breadcrumb","itemListElement":[{"@type":"ListItem","position":1,"name":"Portada","item":"https:\/\/www.goierrieskola.eus\/es\/"},{"@type":"ListItem","position":2,"name":"Home"}]},{"@type":"WebSite","@id":"https:\/\/www.goierrieskola.eus\/#website","url":"https:\/\/www.goierrieskola.eus\/","name":"Goierri Eskola","description":"La Web de tu Escuela","publisher":{"@id":"https:\/\/www.goierrieskola.eus\/#organization"},"potentialAction":[{"@type":"SearchAction","target":{"@type":"EntryPoint","urlTemplate":"https:\/\/www.goierrieskola.eus\/?s={search_term_string}"},"query-input":{"@type":"PropertyValueSpecification","valueRequired":true,"valueName":"search_term_string"}}],"inLanguage":"es"},{"@type":"Organization","@id":"https:\/\/www.goierrieskola.eus\/#organization","name":"Goierri Eskola","url":"https:\/\/www.goierrieskola.eus\/","logo":{"@type":"ImageObject","inLanguage":"es","@id":"https:\/\/www.goierrieskola.eus\/#\/schema\/logo\/image\/","url":"https:\/\/www.goierrieskola.eus\/wp-content\/uploads\/2014\/11\/Logo_color.jpg","contentUrl":"https:\/\/www.goierrieskola.eus\/wp-content\/uploads\/2014\/11\/Logo_color.jpg","width":227,"height":88,"caption":"Goierri Eskola"},"image":{"@id":"https:\/\/www.goierrieskola.eus\/#\/schema\/logo\/image\/"},"sameAs":["https:\/\/www.facebook.com\/goierrieskola","https:\/\/x.com\/Goierrieskola1"]}]}},"_links":{"self":[{"href":"https:\/\/www.goierrieskola.eus\/es\/wp-json\/wp\/v2\/pages\/2769","targetHints":{"allow":["GET"]}}],"collection":[{"href":"https:\/\/www.goierrieskola.eus\/es\/wp-json\/wp\/v2\/pages"}],"about":[{"href":"https:\/\/www.goierrieskola.eus\/es\/wp-json\/wp\/v2\/types\/page"}],"author":[{"embeddable":true,"href":"https:\/\/www.goierrieskola.eus\/es\/wp-json\/wp\/v2\/users\/1"}],"replies":[{"embeddable":true,"href":"https:\/\/www.goierrieskola.eus\/es\/wp-json\/wp\/v2\/comments?post=2769"}],"version-history":[{"count":96,"href":"https:\/\/www.goierrieskola.eus\/es\/wp-json\/wp\/v2\/pages\/2769\/revisions"}],"predecessor-version":[{"id":17490,"href":"https:\/\/www.goierrieskola.eus\/es\/wp-json\/wp\/v2\/pages\/2769\/revisions\/17490"}],"wp:attachment":[{"href":"https:\/\/www.goierrieskola.eus\/es\/wp-json\/wp\/v2\/media?parent=2769"}],"curies":[{"name":"wp","href":"https:\/\/api.w.org\/{rel}","templated":true}]}}