{"id":9402,"date":"2018-04-20T10:16:21","date_gmt":"2018-04-20T10:16:21","guid":{"rendered":"http:\/\/www.goierrieskola.eus\/?page_id=9402"},"modified":"2024-05-15T09:31:37","modified_gmt":"2024-05-15T09:31:37","slug":"evaluacion-de-proveedores","status":"publish","type":"page","link":"https:\/\/www.goierrieskola.eus\/es\/evaluacion-de-proveedores\/","title":{"rendered":"EVALUACI\u00d3N DE PROVEEDORES"},"content":{"rendered":"<p>[vc_row][vc_column][vc_column_text]Seg\u00fan lo establecido en nuestro Sistema de Gesti\u00f3n, hemos clasificado a los proveedores en 3 grupos:<\/p>\n<ul>\n<li style=\"text-align: left;\">Proveedores de Formaci\u00f3n,<\/li>\n<li style=\"text-align: left;\">Proveedores Cr\u00edticos,<\/li>\n<li style=\"text-align: left;\">Resto de Proveedores.<\/li>\n<\/ul>\n<p>Evaluamos el desempe\u00f1o de los proveedores seg\u00fan el grupo al que pertenecen:[\/vc_column_text][vc_row_inner][vc_column_inner width=\u00bb1\/3&#8243;][vc_custom_heading text=\u00bbProveedores de Formaci\u00f3n\u00bb font_container=\u00bbtag:h2|text_align:center|color:%232e9118&#8243; google_fonts=\u00bbfont_family:Open%20Sans%3A300%2C300italic%2Cregular%2Citalic%2C600%2C600italic%2C700%2C700italic%2C800%2C800italic|font_style:400%20regular%3A400%3Anormal\u00bb][vc_column_text]En este grupo se encuentran las y los docentes contratados para la impartici\u00f3n de cursos. Ser\u00e1n evaluados seg\u00fan los siguientes aspectos:<\/p>\n<ul>\n<li style=\"text-align: left;\">Programaciones adecuadas y en plazos.<\/li>\n<li style=\"text-align: left;\">Cumplimiento de calendario y horarios.<\/li>\n<li style=\"text-align: left;\">Cumplimiento de normas de Seguridad y Ambientales.<\/li>\n<li style=\"text-align: left;\">Seguimiento de las programaciones.<\/li>\n<li style=\"text-align: left;\">Puesta a disposici\u00f3n del centro el material de impartici\u00f3n.<\/li>\n<li style=\"text-align: left;\">Cumplimentaci\u00f3n y custodia de registros.<\/li>\n<li style=\"text-align: left;\">Medici\u00f3n de la satisfacci\u00f3n y resultados de la misma.<\/li>\n<\/ul>\n<p>Se informar\u00e1 a los proveedores de la evaluaci\u00f3n obtenida a la finalizaci\u00f3n de la impartici\u00f3n del curso.[\/vc_column_text][\/vc_column_inner][vc_column_inner width=\u00bb1\/3&#8243;][vc_custom_heading text=\u00bbProveedores Cr\u00edticos\u00bb font_container=\u00bbtag:h2|text_align:center|color:%230a44cc\u00bb google_fonts=\u00bbfont_family:Open%20Sans%3A300%2C300italic%2Cregular%2Citalic%2C600%2C600italic%2C700%2C700italic%2C800%2C800italic|font_style:400%20regular%3A400%3Anormal\u00bb][vc_column_text]Clasificamos en este grupo a los proveedores de:<\/p>\n<ul>\n<li style=\"text-align: left;\">Servicio de limpieza<\/li>\n<\/ul>\n<p>La evaluaci\u00f3n resultar\u00e1 no conforme en los siguientes supuestos:<\/p>\n<ul>\n<li style=\"text-align: left;\">El servicio prestado ha incidido negativamente en las y los clientes.<\/li>\n<li style=\"text-align: left;\">Incumplimiento de las medidas establecidas en la Coordinaci\u00f3n de Actividades.<\/li>\n<li style=\"text-align: left;\">Incumplimiento de las condiciones medioambientales seg\u00fan Pliego de Cl\u00e1usulas Administrativas Particulares de la Licitaci\u00f3n del Servicio de Limpieza.<\/li>\n<li style=\"text-align: left;\">Incumplimiento de las condiciones de seguridad seg\u00fan Pliego de Cl\u00e1usulas Administrativas Particulares de la Licitaci\u00f3n del Servicio de Limpieza.<\/li>\n<li style=\"text-align: left;\">Valoraci\u00f3n menor de 3 (en una escala de 5) en la medici\u00f3n de la satisfacci\u00f3n a cargo de las y los clientes.<\/li>\n<\/ul>\n<p>Se informar\u00e1 a estos proveedores de su evaluaci\u00f3n al final de cada curso acad\u00e9mico.[\/vc_column_text][\/vc_column_inner][vc_column_inner width=\u00bb1\/3&#8243;][vc_custom_heading text=\u00bbResto de Proveedores\u00bb font_container=\u00bbtag:h2|text_align:center|color:%23dd8706&#8243; google_fonts=\u00bbfont_family:Open%20Sans%3A300%2C300italic%2Cregular%2Citalic%2C600%2C600italic%2C700%2C700italic%2C800%2C800italic|font_style:400%20regular%3A400%3Anormal\u00bb][vc_column_text]En este grupo figurar\u00e1n aquellos proveedores no contemplados en los dos grupos anteriores. La evaluaci\u00f3n de los mismos resultar\u00e1 no conforme en los siguientes supuestos:<\/p>\n<ul>\n<li style=\"text-align: left;\">Su producto o servicio ha originado quejas o reclamaciones por parte de las y los clientes.<\/li>\n<li style=\"text-align: left;\">Se produce un 10% o m\u00e1s de desviaciones en los servicios prestados durante un trimestre.<\/li>\n<li style=\"text-align: left;\">Incumplimiento de lo establecido en la Coordinaci\u00f3n de Actividades.<\/li>\n<li style=\"text-align: left;\">Su producto o servicio ha generado incidencias medioambientales.<\/li>\n<li style=\"text-align: left;\">Su producto o servicio ha generado incidencias de seguridad.<\/li>\n<\/ul>\n<p>A los proveedores de este grupo se les informar\u00e1 de su deshomologaci\u00f3n. En el resto de casos, no se les enviar\u00e1 resultado de su evaluaci\u00f3n y caso de que quisieran tener conocimiento de la misma, habr\u00e1n de enviar un correo electr\u00f3nico a <a href=\"mailto:administrazioa@goierrifundazioa.eus\">administrazioa@goierrifundazioa.eus<\/a> indicando en el asunto \u00abEvaluaci\u00f3n de Proveedor\u00bb y consignando su NIF.[\/vc_column_text][\/vc_column_inner][\/vc_row_inner][\/vc_column][\/vc_row]<\/p>\n","protected":false},"excerpt":{"rendered":"<p>[vc_row][vc_column][vc_column_text]Seg\u00fan lo establecido en nuestro Sistema de Gesti\u00f3n, hemos clasificado a los proveedores en 3 grupos: Proveedores de Formaci\u00f3n, Proveedores Cr\u00edticos, Resto de Proveedores. Evaluamos el desempe\u00f1o de los proveedores seg\u00fan el grupo al que pertenecen:[\/vc_column_text][vc_row_inner][vc_column_inner width=\u00bb1\/3&#8243;][vc_custom_heading text=\u00bbProveedores de Formaci\u00f3n\u00bb font_container=\u00bbtag:h2|text_align:center|color:%232e9118&#8243; google_fonts=\u00bbfont_family:Open%20Sans%3A300%2C300italic%2Cregular%2Citalic%2C600%2C600italic%2C700%2C700italic%2C800%2C800italic|font_style:400%20regular%3A400%3Anormal\u00bb][vc_column_text]En este grupo se encuentran las y los docentes contratados para la impartici\u00f3n de cursos. Ser\u00e1n evaluados seg\u00fan los [&hellip;]<\/p>\n","protected":false},"author":1,"featured_media":0,"parent":0,"menu_order":0,"comment_status":"closed","ping_status":"closed","template":"","meta":{"footnotes":""},"class_list":["post-9402","page","type-page","status-publish","hentry"],"yoast_head":"<!-- This site is optimized with the Yoast SEO plugin v27.4 - https:\/\/yoast.com\/product\/yoast-seo-wordpress\/ -->\n<title>EVALUACI\u00d3N DE PROVEEDORES - Goierri Eskola<\/title>\n<meta name=\"robots\" content=\"noindex, follow\" \/>\n<meta property=\"og:locale\" content=\"es_ES\" \/>\n<meta property=\"og:type\" content=\"article\" \/>\n<meta property=\"og:title\" content=\"EVALUACI\u00d3N DE PROVEEDORES - Goierri Eskola\" \/>\n<meta property=\"og:description\" content=\"[vc_row][vc_column][vc_column_text]Seg\u00fan lo establecido en nuestro Sistema de Gesti\u00f3n, hemos clasificado a los proveedores en 3 grupos: Proveedores de Formaci\u00f3n, Proveedores Cr\u00edticos, Resto de Proveedores. Evaluamos el desempe\u00f1o de los proveedores seg\u00fan el grupo al que pertenecen:[\/vc_column_text][vc_row_inner][vc_column_inner width=\u00bb1\/3&#8243;][vc_custom_heading text=\u00bbProveedores de Formaci\u00f3n\u00bb font_container=\u00bbtag:h2|text_align:center|color:%232e9118&#8243; google_fonts=\u00bbfont_family:Open%20Sans%3A300%2C300italic%2Cregular%2Citalic%2C600%2C600italic%2C700%2C700italic%2C800%2C800italic|font_style:400%20regular%3A400%3Anormal\u00bb][vc_column_text]En este grupo se encuentran las y los docentes contratados para la impartici\u00f3n de cursos. Ser\u00e1n evaluados seg\u00fan los [&hellip;]\" \/>\n<meta property=\"og:url\" content=\"https:\/\/www.goierrieskola.eus\/es\/evaluacion-de-proveedores\/\" \/>\n<meta property=\"og:site_name\" content=\"Goierri Eskola\" \/>\n<meta property=\"article:publisher\" content=\"https:\/\/www.facebook.com\/goierrieskola\" \/>\n<meta property=\"article:modified_time\" content=\"2024-05-15T09:31:37+00:00\" \/>\n<meta name=\"twitter:card\" content=\"summary_large_image\" \/>\n<meta name=\"twitter:site\" content=\"@Goierrieskola1\" \/>\n<meta name=\"twitter:label1\" content=\"Tiempo de lectura\" \/>\n\t<meta name=\"twitter:data1\" content=\"2 minutos\" \/>\n<script type=\"application\/ld+json\" class=\"yoast-schema-graph\">{\"@context\":\"https:\\\/\\\/schema.org\",\"@graph\":[{\"@type\":\"WebPage\",\"@id\":\"https:\\\/\\\/www.goierrieskola.eus\\\/es\\\/evaluacion-de-proveedores\\\/\",\"url\":\"https:\\\/\\\/www.goierrieskola.eus\\\/es\\\/evaluacion-de-proveedores\\\/\",\"name\":\"EVALUACI\u00d3N DE PROVEEDORES - Goierri Eskola\",\"isPartOf\":{\"@id\":\"https:\\\/\\\/www.goierrieskola.eus\\\/#website\"},\"datePublished\":\"2018-04-20T10:16:21+00:00\",\"dateModified\":\"2024-05-15T09:31:37+00:00\",\"breadcrumb\":{\"@id\":\"https:\\\/\\\/www.goierrieskola.eus\\\/es\\\/evaluacion-de-proveedores\\\/#breadcrumb\"},\"inLanguage\":\"es\",\"potentialAction\":[{\"@type\":\"ReadAction\",\"target\":[\"https:\\\/\\\/www.goierrieskola.eus\\\/es\\\/evaluacion-de-proveedores\\\/\"]}]},{\"@type\":\"BreadcrumbList\",\"@id\":\"https:\\\/\\\/www.goierrieskola.eus\\\/es\\\/evaluacion-de-proveedores\\\/#breadcrumb\",\"itemListElement\":[{\"@type\":\"ListItem\",\"position\":1,\"name\":\"Portada\",\"item\":\"https:\\\/\\\/www.goierrieskola.eus\\\/es\\\/\"},{\"@type\":\"ListItem\",\"position\":2,\"name\":\"EVALUACI\u00d3N DE PROVEEDORES\"}]},{\"@type\":\"WebSite\",\"@id\":\"https:\\\/\\\/www.goierrieskola.eus\\\/#website\",\"url\":\"https:\\\/\\\/www.goierrieskola.eus\\\/\",\"name\":\"Goierri Eskola\",\"description\":\"La Web de tu Escuela\",\"publisher\":{\"@id\":\"https:\\\/\\\/www.goierrieskola.eus\\\/#organization\"},\"potentialAction\":[{\"@type\":\"SearchAction\",\"target\":{\"@type\":\"EntryPoint\",\"urlTemplate\":\"https:\\\/\\\/www.goierrieskola.eus\\\/?s={search_term_string}\"},\"query-input\":{\"@type\":\"PropertyValueSpecification\",\"valueRequired\":true,\"valueName\":\"search_term_string\"}}],\"inLanguage\":\"es\"},{\"@type\":\"Organization\",\"@id\":\"https:\\\/\\\/www.goierrieskola.eus\\\/#organization\",\"name\":\"Goierri Eskola\",\"url\":\"https:\\\/\\\/www.goierrieskola.eus\\\/\",\"logo\":{\"@type\":\"ImageObject\",\"inLanguage\":\"es\",\"@id\":\"https:\\\/\\\/www.goierrieskola.eus\\\/#\\\/schema\\\/logo\\\/image\\\/\",\"url\":\"https:\\\/\\\/www.goierrieskola.eus\\\/wp-content\\\/uploads\\\/2014\\\/11\\\/Logo_color.jpg\",\"contentUrl\":\"https:\\\/\\\/www.goierrieskola.eus\\\/wp-content\\\/uploads\\\/2014\\\/11\\\/Logo_color.jpg\",\"width\":227,\"height\":88,\"caption\":\"Goierri Eskola\"},\"image\":{\"@id\":\"https:\\\/\\\/www.goierrieskola.eus\\\/#\\\/schema\\\/logo\\\/image\\\/\"},\"sameAs\":[\"https:\\\/\\\/www.facebook.com\\\/goierrieskola\",\"https:\\\/\\\/x.com\\\/Goierrieskola1\"]}]}<\/script>\n<!-- \/ Yoast SEO plugin. -->","yoast_head_json":{"title":"EVALUACI\u00d3N DE PROVEEDORES - Goierri Eskola","robots":{"index":"noindex","follow":"follow"},"og_locale":"es_ES","og_type":"article","og_title":"EVALUACI\u00d3N DE PROVEEDORES - Goierri Eskola","og_description":"[vc_row][vc_column][vc_column_text]Seg\u00fan lo establecido en nuestro Sistema de Gesti\u00f3n, hemos clasificado a los proveedores en 3 grupos: Proveedores de Formaci\u00f3n, Proveedores Cr\u00edticos, Resto de Proveedores. Evaluamos el desempe\u00f1o de los proveedores seg\u00fan el grupo al que pertenecen:[\/vc_column_text][vc_row_inner][vc_column_inner width=\u00bb1\/3&#8243;][vc_custom_heading text=\u00bbProveedores de Formaci\u00f3n\u00bb font_container=\u00bbtag:h2|text_align:center|color:%232e9118&#8243; google_fonts=\u00bbfont_family:Open%20Sans%3A300%2C300italic%2Cregular%2Citalic%2C600%2C600italic%2C700%2C700italic%2C800%2C800italic|font_style:400%20regular%3A400%3Anormal\u00bb][vc_column_text]En este grupo se encuentran las y los docentes contratados para la impartici\u00f3n de cursos. Ser\u00e1n evaluados seg\u00fan los [&hellip;]","og_url":"https:\/\/www.goierrieskola.eus\/es\/evaluacion-de-proveedores\/","og_site_name":"Goierri Eskola","article_publisher":"https:\/\/www.facebook.com\/goierrieskola","article_modified_time":"2024-05-15T09:31:37+00:00","twitter_card":"summary_large_image","twitter_site":"@Goierrieskola1","twitter_misc":{"Tiempo de lectura":"2 minutos"},"schema":{"@context":"https:\/\/schema.org","@graph":[{"@type":"WebPage","@id":"https:\/\/www.goierrieskola.eus\/es\/evaluacion-de-proveedores\/","url":"https:\/\/www.goierrieskola.eus\/es\/evaluacion-de-proveedores\/","name":"EVALUACI\u00d3N DE PROVEEDORES - Goierri Eskola","isPartOf":{"@id":"https:\/\/www.goierrieskola.eus\/#website"},"datePublished":"2018-04-20T10:16:21+00:00","dateModified":"2024-05-15T09:31:37+00:00","breadcrumb":{"@id":"https:\/\/www.goierrieskola.eus\/es\/evaluacion-de-proveedores\/#breadcrumb"},"inLanguage":"es","potentialAction":[{"@type":"ReadAction","target":["https:\/\/www.goierrieskola.eus\/es\/evaluacion-de-proveedores\/"]}]},{"@type":"BreadcrumbList","@id":"https:\/\/www.goierrieskola.eus\/es\/evaluacion-de-proveedores\/#breadcrumb","itemListElement":[{"@type":"ListItem","position":1,"name":"Portada","item":"https:\/\/www.goierrieskola.eus\/es\/"},{"@type":"ListItem","position":2,"name":"EVALUACI\u00d3N DE PROVEEDORES"}]},{"@type":"WebSite","@id":"https:\/\/www.goierrieskola.eus\/#website","url":"https:\/\/www.goierrieskola.eus\/","name":"Goierri Eskola","description":"La Web de tu Escuela","publisher":{"@id":"https:\/\/www.goierrieskola.eus\/#organization"},"potentialAction":[{"@type":"SearchAction","target":{"@type":"EntryPoint","urlTemplate":"https:\/\/www.goierrieskola.eus\/?s={search_term_string}"},"query-input":{"@type":"PropertyValueSpecification","valueRequired":true,"valueName":"search_term_string"}}],"inLanguage":"es"},{"@type":"Organization","@id":"https:\/\/www.goierrieskola.eus\/#organization","name":"Goierri Eskola","url":"https:\/\/www.goierrieskola.eus\/","logo":{"@type":"ImageObject","inLanguage":"es","@id":"https:\/\/www.goierrieskola.eus\/#\/schema\/logo\/image\/","url":"https:\/\/www.goierrieskola.eus\/wp-content\/uploads\/2014\/11\/Logo_color.jpg","contentUrl":"https:\/\/www.goierrieskola.eus\/wp-content\/uploads\/2014\/11\/Logo_color.jpg","width":227,"height":88,"caption":"Goierri Eskola"},"image":{"@id":"https:\/\/www.goierrieskola.eus\/#\/schema\/logo\/image\/"},"sameAs":["https:\/\/www.facebook.com\/goierrieskola","https:\/\/x.com\/Goierrieskola1"]}]}},"_links":{"self":[{"href":"https:\/\/www.goierrieskola.eus\/es\/wp-json\/wp\/v2\/pages\/9402","targetHints":{"allow":["GET"]}}],"collection":[{"href":"https:\/\/www.goierrieskola.eus\/es\/wp-json\/wp\/v2\/pages"}],"about":[{"href":"https:\/\/www.goierrieskola.eus\/es\/wp-json\/wp\/v2\/types\/page"}],"author":[{"embeddable":true,"href":"https:\/\/www.goierrieskola.eus\/es\/wp-json\/wp\/v2\/users\/1"}],"replies":[{"embeddable":true,"href":"https:\/\/www.goierrieskola.eus\/es\/wp-json\/wp\/v2\/comments?post=9402"}],"version-history":[{"count":12,"href":"https:\/\/www.goierrieskola.eus\/es\/wp-json\/wp\/v2\/pages\/9402\/revisions"}],"predecessor-version":[{"id":16882,"href":"https:\/\/www.goierrieskola.eus\/es\/wp-json\/wp\/v2\/pages\/9402\/revisions\/16882"}],"wp:attachment":[{"href":"https:\/\/www.goierrieskola.eus\/es\/wp-json\/wp\/v2\/media?parent=9402"}],"curies":[{"name":"wp","href":"https:\/\/api.w.org\/{rel}","templated":true}]}}